{"id":1991,"date":"2017-10-17T15:08:56","date_gmt":"2017-10-17T15:08:56","guid":{"rendered":"http:\/\/english2016b.mjhs.org\/?page_id=1991"},"modified":"2025-09-10T12:35:27","modified_gmt":"2025-09-10T16:35:27","slug":"home-care","status":"publish","type":"page","link":"https:\/\/www.mjhs.sandstormdev.net\/es\/profesionales-de-la-salud\/atenci%C3%B3n-en-el-hogar\/","title":{"rendered":"Solicitar una evaluaci\u00f3n para Atenci\u00f3n en el hogar"},"content":{"rendered":"<div class=\"fifty-fifty-columns \">\n  <div class=\"column column--right column--default\">\n    <div class=\"column__image\">\n      <img decoding=\"async\"\n                  class=\"image-aspect-ratio-1-1\"\n                src=\"https:\/\/mjhs.imgix.net\/2017\/10\/summary_services.jpg?fm=pjpg\" alt=\"{:en}Woman Using Laptop Searching for Caregiver Resources{:}{:es}Una mujer usando una computadora port\u00e1til para buscar informaci\u00f3n sobre los recursos para los cuidadores{:}\"\n      >\n    <\/div>\n    <div class=\"column__content\">\n      <h2>Atenci\u00f3n en el hogar de MJHS: Certified Home Health Agency<\/h2>      <p>Satisfacer las necesidades de pacientes en la ciudad de New York y los condados de Westchester y Nassau. Los servicios que podemos ofrecerles a sus pacientes incluyen los siguientes:<\/p>\n<ul>\n<li>Atenci\u00f3n de enfermer\u00eda especializada<\/li>\n<li>Rehabilitaci\u00f3n<\/li>\n<li>Atenci\u00f3n espec\u00edfica para cada enfermedad<\/li>\n<li>Trabajo social<\/li>\n<li>Auxiliares de atenci\u00f3n de la salud en el hogar<\/li>\n<\/ul>\n              <a href=\"\/es\/about\/mjhs-home-care\/\">Obtenga m\u00e1s informaci\u00f3n sobre los Cuidados en el hogar de MJHS<\/a>\n          <\/div>\n  <\/div>\n<\/div>\n\n\n\n<div class=\"fifty-fifty-columns \">\n  <div class=\"column column--left column--default\">\n    <div class=\"column__image\">\n      <img decoding=\"async\"\n                  class=\"image-aspect-ratio-16-9\"\n                src=\"https:\/\/mjhs.imgix.net\/2017\/10\/eligibility.jpg?fm=pjpg\" alt=\"{:en}Nurse in Jeans Taking Notes During Home Visit with Middle Aged Couple{:}{:es}Enfermera con pantalones vaqueros toma notas durante una visita en el hogar con una pareja de mediana edad{:}\"\n      >\n    <\/div>\n    <div class=\"column__content\">\n      <h2>Criterios de elegibilidad para Atenci\u00f3n en el hogar<\/h2>      <h4 id=\"h-triggers-for-home-care\">Desencadenantes para Atenci\u00f3n en el hogar<\/h4>\n<p>Esta lista representa algunos de los indicadores clasificatorios frecuentes para la admisi\u00f3n a nuestra agencia de atenci\u00f3n de la salud en el hogar certificada.<\/p>\n<p>&nbsp;<\/p>\n          <\/div>\n  <\/div>\n<\/div>\n\n\n\n\n<div class=\"wp-block-columns is-layout-flex wp-container-core-columns-is-layout-9d6595d7 wp-block-columns-is-layout-flex\">\n<div class=\"wp-block-column is-layout-flow wp-block-column-is-layout-flow\">\n<ul class=\"wp-block-list\">\n<li>Anemia, inyecciones de vitamina&nbsp;B12<\/li>\n\n\n\n<li>Atenci\u00f3n de la sonda urinaria permanente<\/li>\n\n\n\n<li>EPOC<\/li>\n\n\n\n<li>Diabetes<\/li>\n\n\n\n<li>Drenajes<\/li>\n\n\n\n<li>Exacerbaci\u00f3n de la enfermedad cr\u00f3nica<\/li>\n\n\n\n<li>Enfermedad card\u00edaca<\/li>\n\n\n\n<li>Presi\u00f3n arterial alta<\/li>\n<\/ul>\n<\/div>\n\n\n\n<div class=\"wp-block-column is-layout-flow wp-block-column-is-layout-flow\">\n<ul class=\"wp-block-list\">\n<li>Cirug\u00eda de cadera o rodilla<\/li>\n\n\n\n<li>Reingresos en el hospital<\/li>\n\n\n\n<li>Inyecciones e infusiones<\/li>\n\n\n\n<li>Enfermedad renal, di\u00e1lisis<\/li>\n\n\n\n<li>Fracturas en las extremidades inferiores<\/li>\n\n\n\n<li>M\u00faltiples visitas a la sala de emergencias<\/li>\n\n\n\n<li>Nuevos medicamentos o administraci\u00f3n de medicamentos<\/li>\n\n\n\n<li>Enfermedad cr\u00f3nica recientemente diagnosticada (Parkinson)<\/li>\n<\/ul>\n<\/div>\n\n\n\n<div class=\"wp-block-column is-layout-flow wp-block-column-is-layout-flow\">\n<ul class=\"wp-block-list\">\n<li>Atenci\u00f3n de ostom\u00eda<\/li>\n\n\n\n<li>Manejo del dolor<\/li>\n\n\n\n<li>Atenci\u00f3n posoperatoria<\/li>\n\n\n\n<li>Terapia de rehabilitaci\u00f3n<\/li>\n\n\n\n<li>Accidente cerebrovascular (nuevo o s\u00edntomas de efectos tard\u00edos)<\/li>\n\n\n\n<li>Atenci\u00f3n de traqueotom\u00eda, ox\u00edgeno<\/li>\n\n\n\n<li>Inestabilidad, ca\u00eddas frecuentes<\/li>\n\n\n\n<li>Atenci\u00f3n de heridas<\/li>\n<\/ul>\n<\/div>\n<\/div>\n\n\n\n<p><em><em>Atenci\u00f3n en el hogar de MJHS est\u00e1 acreditada por la Comisi\u00f3n Conjunta con una certificaci\u00f3n en Cuidados paliativos extrahospitalarios.<\/em><\/em><\/p>\n\n\n\n<div class=\"wp-block-buttons is-layout-flex wp-block-buttons-is-layout-flex\">\n<div class=\"wp-block-button\"><a class=\"wp-block-button__link wp-element-button\" href=\"https:\/\/www.mjhs.org\/wp-content\/uploads\/2017\/11\/2017FaceToFaceFormGuide1.pdf\">Consultar nuestra hoja de referencia para pacientes confinados a su hogar<\/a><\/div>\n<\/div>\n\n\n<div class=\"fifty-fifty-columns \">\n  <div class=\"column column--right column--card\">\n    <div class=\"column__image\">\n      <img decoding=\"async\"\n                  class=\"image-aspect-ratio-16-9\"\n                src=\"https:\/\/mjhs.imgix.net\/2025\/01\/social-worker-with-homecare-patient.jpg?fm=pjpg\" alt=\"A social worker smiles warmly while sitting with a patient in a yellow dress and red scarf, offering support in a bright living room.\"\n      >\n    <\/div>\n    <div class=\"column__content\">\n      <h2>Apoyo a la recuperaci\u00f3n segura de sus pacientes<\/h2>      <p>Podemos ayudarlo con la evaluaci\u00f3n de las necesidades de su paciente.<\/p>\n              <a href=\"https:\/\/physiciansportal.mjhs.org\/\">Acceso al portal de m\u00e9dicos<\/a>\n          <\/div>\n  <\/div>\n<\/div>\n\n\n\n\n<h2 class=\"wp-block-heading\" id=\"h-contactenos\">Cont\u00e1ctenos<\/h2>\n\n\n<form method=\"post\" class=\"acfe-form acf-form\" data-cid=\"69fb2099e73d4\">\t<div id=\"acf-form-data\" class=\"acf-hidden\">\n\t\t<input type=\"hidden\" id=\"_acf_screen\" name=\"_acf_screen\" value=\"acfe_form\"\/><input type=\"hidden\" id=\"_acf_post_id\" name=\"_acf_post_id\" value=\"1991\"\/><input type=\"hidden\" id=\"_acf_validation\" name=\"_acf_validation\" value=\"1\"\/><input type=\"hidden\" id=\"_acf_form\" name=\"_acf_form\" value=\"YW5WdkFIeEhUOFVveEhtTDRiSk5TdGFIc0pTMUNmeTlMeWhiRG1uNTRTcUNVcWt1SlYxYyt4ZnVqemhmS3RaWWNGNkRQQUVxSyt1WEFneWpoSEVoRlp5ZWJESmZrOFVZMlpXNW5DYlNybnhyWlBwM2d5SEQyTnl6L2ZDQ0hEcnVDaUZYU3BBSmFEZ2ZjYWxjaUZraXJYcytIRmM3SWdWQkJQSEZtNEwzcXdrZk1mbU9RUnozb1krZkhHL1gyenZicEZvNEtlREt1TWxvV0IvK1ZRR1R5OFloRTcvVksxSVRzVGVaNldTeG5FQzM3RVE4dU5SUm0wTWNSZFpkVXpMcXV4SVFUSG14Mm1CMUFRUzlXL0dwUmdxZWJ1aGYzay9BbU0rMHQ2bzVZeURmK243dW9ZbWxzbXZYY1dVbUpSZjRvUzVnNHUvS2RRYnBYVlZ0RWxTS3lNQU5KNW9OZ2tmU2FUU0RYeTljNjFmY29BdFhGVTdDT0lqcGp3RmxKNUV5emREdlFzYzMycUpmcmFuN1dvTDFBUjQyRFp2YklGZDFUYzBsVTF3d0NwcEwxYXJ2U1YyRW11K3hyaGVsQWJpbmZ6WVdOekJDMFBBWHJMNEllUEI3M0ZmcGdPb3JnRHZoM0w2SzZZVm5jSElvSE9TcnU3WGlpQUhEUTIxblNHQ2lPUlZidWluRWtXOXFHNU1vZXpqWjcrOHpwdjRoVlRDWlJQb0hBNWlUWUp0SHpzYUxORjBZQmRHQlhWclIwYWQ2V1ZHQWptY29RallzcDVqMXhkQUdxYjU1MURhVFE3a2RjTUxUWC9aTW5WL2xlK2pHRjVuOWdjSlkybmQwZmdTODRxUW13Z2JXSlFXakxFajljZk9BTWJCV3RzV3EydE5JUHJJNDh2R204U3VLbDVLMTNVWFdLMUxwTzd1c0pBU1h3TWNCQ1ArdmttdGZZNFRXekNIU05DUzgyM1FTNWhlRzgwYm9XMTRvRUZ0SWlWSVhVd0lEdzhsNE1GdkNnMy9aaWlwVUdUOXVtTFNyWUFKRGN5YUw4Q0JCeUVlYVlSV1Fnbi9pNko4blVkenBYRU1CMFVjSVBrTVZBVFBVQUd3dUQ1aXY5WStSamI1MWMvV2VvRG9BV2QzTEczSU1Mcy9tbEV1TSt4ZDJpeTVCcngyUzZ5amwzTU9QU2M2TFpCdGNJTzluVU93UmlqM0dQbTJCQm9pRGNGTWNDMjAxaDFhbTM3YWxnRFFKQm01Uy9oeVZpYngyVEVlODdJbFdPL1N4VnRWRWtnU2g4YnZmUUp1T3dOazBiaG1QSERLNTdYQjd3aHVTMWZ6UVlJQzVCaW1jdGxIVkpmaFl3bnNWTHJtRHpaaEw1QVRvd0FOYVE5aDl5U0w1MGZrdVY0dSt3eFc4WHJ2dUg0TFkySW5xNDV4c2FoZVROMmtvMHBXRVNVNmFWOG5WbmM0Q2tEaUZBZ0xQZDFBOGtPVG4yeWZjY2xnT25sWitPMDhkTi85WnM3eDFoZFYzZm43dnpaV2YzakYrMTBobFhxL1prRG50UkNZWUpoVTJvMlhMU0ZCVmlpMzRBdEJ5YTVOYzBDSW9iVmVVSkRjVzRVT2tVeU5UTi94N25mem91L2JJZTRjYWdYUUZVMGh4d3l0SzhtYmtkb0JRV2Q4TzdEUnJjWWdjTi9LNGxuKzFrREZvOWJvLzl6RFNWZ3dNRzE3ZDFuTnhDM0ZtWWdKNXlEb09jdWtMeDkyYWc2MVFIMmlUMnMreFVsMlpnQmM2SkFndDBaaDBvbEt4RjZsSDhnU1JqcDA0ajFWU1VTN1BaR3NWbDlzMURKRk9NdVpTS2dRckgvdE5hdTRGNUx0ZVFrSnhheGVtaFU4T0FoM3BzTmkrNys4V2MrMVhFSVpNMHdLNk01ZDlEMHdCWVNOWmNHRC9zd1F0c0l0VGJydzNROTFhVkQwN3hFdUtBZjV2K3VOdi9LSURXbXpoeFkwOTdJUzduSHVkK2ozQ2hZeGhEVTh2V3BnMCtMWk9GTDRyYWp6S0VoaUJ0SnhuN1kxWXpKUDN5aFlacEFsZlR5MENzdkNEYitKd0RBV0RzTkhnTDZkY2x3TXZTSjVLN2dtWHFzZFR2ZTVxdTBXWW0rdlUxczRETnNPSjllR1k1UURLVkYwR2hIZ25vbmw2S1hBSmZMZDlpRVBoUTlMVGloVU9GTWJRV3RIYXdUbU5zYnEzOGQyc2llc0VwQVZKOENiQUJHeDhabXRJcllrak1pOW8xOGQweUlWSEZzZVc0N2x5MGw1UDlHc2FwUW9PWDAzckVwSkZnQzlDcHJHNkp1SFJqaGlxUEViMDdKMTZBNHFrenJXSXBJeWtnMGx1OVVHRXg5TjMwMHUvNlZiTEVIQm5JT2tVOG9Ebi9zL3FvKzN4endZU0RFMStkMFBEeDNGSTEzbnZxVXVWeEd4VHA4OFZNRk5rNDFxZXd2Y0UrcW5pVWFPMlNwYS9HeVEvbGhKV2J6SXY3QVc2Z1NPTE81TjNvVTk5STRMako5REJ1U29lc3VnY0ZidjdPdDQyZEdNVlNsNThvL0N4d1FpMEpxeVpvVU4yOGN6WlZ2T0F1ODJEUXNQclVBbjUzaUlWeHh0LytQcGc2MlNudmt6TWdlMVFHekJ1M3ZjL0xxb3BkemFhRVp0aFRtL1Z2UGQwa25kenRMSHZQZkg4NzNkbmdETUxsT1ZhN1lFT3Q5MzJ2UmptN1EwL3AwVGgvTUJLeTB6SUFnd2VxZlBkRXZOY0xwY0o0OUJNZGZOU0lIVEZIMmRJRTROT0pFSnNSK05BbUtIaGRJWnU4ZEhJRmFiZk5WNjYwbjgvQTBOUFVTNTFXNXFCd0VaUnVKSUZDRkRaN21Razh1eWZFbS81SlpKNTVLcTI4TnQ3NnM0QnBGZnRvQ015UzBHYmtBZ09pSFl6eHlKRjlIbEplckNBTDQxeEdTZjRNYUFtSG1hWWQ4RklSY2dIenh3NWprTWQwdTIzWVVuMHc5WWZScXpvczNESXc3SElZVHRZTmFLenA1Q0VYUnZNWW4yQnkrUFp2K2lZRE1xdGVZWDEwd0lJZklZYk9iYUlxSnFkWWFxUUNoMFpJa05BVXhGaE5DcStBaTIwK3pnanlyM2lzTzJRcSswanc1T0xzanlrZExIODN0N3p1Y0ptN1ZEK2lPR3Z2WDBwUW5nRFpLeGpkM3pNYkN5Y2M1alhSc0lydERmSkZ2cGNwbXB5UTkzbFN0b041QTkvUmVReWJ1VTM3RnFQOE42YW1wRVd2cUZvVWFnMUF6T3pIenpiMkVPZ1Z1L2o2bEJncnZ5Zk82MFBXKzVsOTRVcUdCMmYwRDQvOURuVUt0QXc3UTc2VDFDSjUya3hMWk5oOUlXcnVkek96aHk4TW5OMHBZRVZsZVY2VEhxK1RvZys5bGZMUUZ3ZUNBaUN0WGZDaUIxaFhhbnNkZUZlalFXR3dBQjc1WjdHbTFCRjdjOFVVL0pPVUQ0WHY4am1yUWNmaHdGcjg2RlFydHZJcDdiQUxGMS83VU5yMzdUR1F4d0U4RFIrUmRydEFhTnpkYnJUV0s2NE5LNXFqenpkN0VnOWhlSVdUa2ZwZHlVVXZBdHVrUnoxbWQ3N1h3dDNMdmpmRURiTVZRYTZBcGk5UlM3WDh1NWI3ZEJEbGhKWUZKWTN1d01IaGU2enBKVmJJUW9MSCtNMjdyT2ZqWm9XNW5OTkJYREo5dDFYNU0wUktaS3Fzdml5Rkh2a0xyZ3VWWlZ4djAzNFM3L2JYVWNyTFhLT21xWi9TTU15bU5BOEdBeXNDbis1RkVaVDJIekFzaUoxcEJyMUIxdU9lRlFwRXM5R1EvbHdjT04zTnVhblEwT1ZPdmgxM2p5djNBSjhRMDh3MkZWeGg4TkJvWnYyMkxzRXBucjA4L0JSWHFqUzhHTVhBL1VkSjBGYVhNVldEdkdySmc4azJHdFptbnZFRFNCeUpNMTlLY0Y2RUJYaWkzRXFZYWk5Z1VBaUVjTEMvZVY0MjhtVlZmc3prNWxqMkxmSUoxSWU5dzdmSlJWMkVib2hGLzlSZGVWSm8yekR4NlR0dk5yZ01BYjZVTXo4SUJYUGl5TmRhc240Ui9ZRk5wa0I0SW13UmVkSFdaNnN6bVhsTXBoWkF6YUZUdVdFQ05rWUZ0d1ZVOXU1M25Gd0JkdllPeFNaWTFDSWdXVUQyRXYzd2xwOFIyMzJIS2pJQUZFMjlQRFJEMWkzcmpVbGM0ZG5iUUhmWFhVUGhYWnlLZ1JDYmtlekdSVmZIbS9tT0MvaHgrcmV5RUU0cWlGVHBWOWNYOHRjMzVxUGpHTmFxU2FQcVZSMi9aRlhPR09jd1AyVEFHdC94UGJ6RlZDTWl4OUxWM2Z3WWEzM2o4cWRXdHg0cUNPdy8yOEdiSDdFTFZwcEgwUXdBQU5NMFoyd3dmVE91Qmd0aUNKeG9qTndHVWtXbXg3YzFteFVYbUJ2Ukx2aEJ2VjBCbzVKc2JBRUZ1ekVUM04rOUEyZWZvSDdsSDlhcjdPSGVmeWFEZ0lzdjZMbDhYZ2swRzFoYVk1RjBDNkhLWUQ0akRxUmVVWitBenRnRVFrUXFkcHZKV2xza05ncW04cFhQbFZyOHNFcGJVQXFzRkliUzBnWmJxWEh4SEhZNzB3ekpPRnpTUEFNSWRkRjVCQk85V0VLUHQvUHNzbXF4bmJFanJwV0tOU2o1Yjhxa1VYUXNXSHh4ek8yMHh6ZEpNdE5pdjB5Z3VuRjJVNktqQ21GRGpVby9rajJJZGFzTmZLMmhDVUtXeXp4MVNtZVRPN2ZDWWthNHhFemlMNGEyaHdzd0NnV1lMWEhGL2ZWa3FXNkR1ZHdHamVMc0FBbjlMMi8yQTVLMWhaKzJtUzBMejl4dTBFNU10dWJ3dDY2WDg5ZVVWdzJBYS9ISWhlLy9LaEpxS0U2cVU3Q2pCbzJ1d2swdGNqK0pPUU9FYUdSTW9sUkx1bVJnUjd5UXMxdWxpd3lXamVLZUxpSjdHUXFpOCsvMHJWOEJWZWVpeXhiN3NqaDlWM0ZTSHorNjlXWjBJazd5YWc2ektrazJ6ZmpaS0FGNnVvWG52dHhqbS9BckM1Z3NqWmFvSHRMWTFPQzdNaEpOQ1ExMkNZRUNCb0VsK3c5cy9Gd3dyMWNmSUE1MTd0QWxRSWlZRkFsNGtueHpkOW5GeitjRklQd3hINEVwTUY2YnVMMy8rTU5YQVpkWXZKYlFVMWdFTVc4cnRPVXBuSUNDbkFHeHdIWEw4MzQzNmk1NXlpL3JnbWZUWFloWlgrUThreG5jc1gyYWMvSGdZdXhja2xUeU93cm9sN1lDOU01UDNQQXMzZjJGdnh6a2duU3A5QTJJeXUvQlNRL2UrVEpIRVNjTDZWTWFKcmpCdENSbnVPeW1PYVdYZCthdUtCNEkyVks2VGd6aStGV0NnVjhRWU02VEpmR1c4OGlpWVZ6VUd0RXVvZE4xZFN6WUZTbnZWODVDN0x0MHhNbjgxSmcxbDR6R1hibUN6WTF6Z0cxNkd2UUVSYnl3MVFGQmx2OWVDR2JUZHNEQS85YXR4Tm4yNitGT2tvWWZPMnF1Q3RyMFNYUytPNWdSUHZVazl1eTRnaW9DT0lBdDh4UWVpcW0vTnYxNmE5NnovbDdNWHplalQrMDJvNE1oZzgyZlZRbndaTUpucUU0ZHM0c1pCN05hdlF5SktvL1AxVVlkZS9NdVJtV01KRkI2Qi92TSs1VE1GTWF0QmoreEgySjh5UlJJSFpoL2RaN3FDTml2Q05pT1pqV282VVVtZ2pEM0ZCWHhRMHNpek53aWFOYmN3MDZKQUxqY2J6RnNuK0drNXY3WUVUcEpwTkZtRW92K1FNU0ZWTjlVVmw5d1RuQ2l5N1k4TlNtR2JOZ1NYSTdrSDBRWlJVSWE2OHA1anRjOU5FdjZWM080a3hTM0Iyc1NxL1hPR1BvMXM1SkpmZEtzTXdVTHVVMWEydklPZDc5M3d3YXNOUWVaMlU5VkVac1B5SXZDempucHZjKzRITHVSdHhSanhlRHdCTHpsbWg5VzVXaTN4dWhDV1Q1NFcxSjJ6THd3M3ZJa05kZnpZM2lIYlpXUTZ5RzlObFVyMU05UFU3STZOelhEeEwwT29EcDNOME1obkZZYnhibXozNy82bU5WWithek44UklnU3ZOMVJmZVNHam0yOXI0T1Z3SjBmT0hQejNNdG5ZYlQ1NGN3Y0hyNlUydUxJcFMrWWhPNHQ0VFd2NFVPdVBEN0pveUxPSzlvQ0V5Sm9NcjJXS1lLRFdneXNRMkovaUtTVXdJQUd6Zi8xSVNDTVN4VGpKWVVkRXUyQUxJU3I3cEx0dnpqaGxSK0dwUXZpdlFHSk5TZFpzZGRnWlIxcXdGKzlQOFlHSjBwNEMxbjZmWTE0Y0M0bnZPZlR5dEVOUXR6anRlVjE1Uko4Tmkzc3MxVFEzdTVGYzc2a3p2MWxRREpIb3h1VUEwcWZENkNHM0hKWFFtRHhmWFNpUHVid3FVdkhFTDlodWV2SmJvWHlveS9tV3c5ZWx5Q2huUmRsSGYxdVZtL29YU0RrT0xPNlArOGwydHR3M01mVGJSNytqQ2d5d2lpSkxoWjA5bzZLTjVDNGRJMnBBUURGMjJmTlVSWHN6WTVXb2pUcGJmRUJNWGo1SmVHWVVyeHZ1NG9ia0pHOVdnL2prL1RuMURVRTYxSEpvT1pFR21WNlBWTUsrR1pjbGxiQ2EzYmppT2RPbUZPaWIzWkhuLzBTZURXd21HWWJnRm5GRFYvdTBEVWxWQ3A5TTRZeWo1YnVoNzRSTTVzZU93UktWOEkyQlpZeG9aNWo0OWlDc1E3Z1NQVlRvNHRTVEFSMmttcHVPNE9BaFpiclVBamdHSjZqMElINWFSankwVUU0U1ErZG5LRFBQY0VtcFJBcmtJcGNVT0MzbGhzYlhGS044VzFmQWFXem50MERqZFMzTXdEM3IwSng0OXNSWDVkWjhoTUFjeFRlaXhiUzNiV2ZsQmx4ZU5yREFUYThpR3JUZFVRaWFnVVdjM2lxQVlVYzhBaTdUeEV3VmMydFVvM0o4NDhRPT06Opnw5qIXumH7loSeKuao0tw=\"\/><input type=\"hidden\" id=\"_acf_nonce\" name=\"_acf_nonce\" value=\"085ea5354e\"\/><input type=\"hidden\" id=\"_acf_changed\" name=\"_acf_changed\" value=\"0\"\/><input type=\"hidden\" id=\"_acf_location[post_id]\" name=\"_acf_location[post_id]\" value=\"1991\"\/>\t<\/div>\n\t<div class=\"acf-fields acf-form-fields -top\"><div class=\"acf-field acf-field-text acf-field--validate-email\" style=\"display:none !important;\" data-name=\"_validate_email\" data-type=\"text\" data-key=\"_validate_email\">\n<div class=\"acf-label\">\n<label for=\"acf-_validate_email\">Validar correo electr\u00f3nico<\/label><\/div>\n<div class=\"acf-input\">\n<div class=\"acf-input-wrap\"><input type=\"text\" id=\"acf-_validate_email\" name=\"acf[_validate_email]\"\/><\/div><\/div>\n<\/div>\n<div class=\"acf-field acf-field-text acf-field-64ca891805770 is-required\" data-name=\"name\" data-type=\"text\" data-key=\"field_64ca891805770\" data-required=\"1\">\n<div class=\"acf-label\">\n<label for=\"acf-field_64ca891805770\">Su Nombre<\/label><\/div>\n<div class=\"acf-input\">\n<div class=\"acf-input-wrap\"><input type=\"text\" id=\"acf-field_64ca891805770\" name=\"acf[field_64ca891805770]\" required=\"required\"\/><\/div><\/div>\n<\/div>\n\r\n<div class=\"acf-field acf-field-text acf-field-64ca896acdede\" data-name=\"phone\" data-type=\"text\" data-key=\"field_64ca896acdede\">\n<div class=\"acf-label\">\n<label for=\"acf-field_64ca896acdede\">Su N\u00famero de tel\u00e9fono<\/label><\/div>\n<div class=\"acf-input\">\n<div class=\"acf-input-wrap\"><input type=\"text\" id=\"acf-field_64ca896acdede\" name=\"acf[field_64ca896acdede]\"\/><\/div><\/div>\n<\/div>\n\r\n<div class=\"acf-field acf-field-text acf-field-64ca8986f3eae is-required\" data-name=\"email\" data-type=\"text\" data-key=\"field_64ca8986f3eae\" data-required=\"1\">\n<div class=\"acf-label\">\n<label for=\"acf-field_64ca8986f3eae\">Su direcci\u00f3n de correo electr\u00f3nico<\/label><\/div>\n<div class=\"acf-input\">\n<div class=\"acf-input-wrap\"><input type=\"text\" id=\"acf-field_64ca8986f3eae\" name=\"acf[field_64ca8986f3eae]\" required=\"required\"\/><\/div><\/div>\n<\/div>\n\r\n<div class=\"acf-field acf-field-acfe-recaptcha acf-field-66c395bca5136 is-required gcaptcha acfe-no-label\" data-name=\"gcaptcha\" data-type=\"acfe_recaptcha\" data-key=\"field_66c395bca5136\" data-required=\"1\">\n<div class=\"acf-label\">\n<label for=\"acf-field_66c395bca5136\"> <span class=\"acf-required\">*<\/span><\/label><\/div>\n<div class=\"acf-input\">\n        <div class=\"acf-input-wrap\" data-site-key=\"6LdfkSoqAAAAAHEJ_FJPzZThLFxSHeq8wCDKTUzW\" data-version=\"v2\" data-size=\"normal\" data-theme=\"light\">\r\n        \r\n                            <div><\/div>\r\n                        <input type=\"hidden\" id=\"acf-field_66c395bca5136\" name=\"acf[field_66c395bca5136]\"\/>\r\n        <\/div>\r\n        <\/div>\n<\/div>\n<\/div>            <div class=\"acf-form-submit\">\r\n                \r\n                <input type=\"submit\" class=\"acf-button button button-primary button-large\" value=\"Request an evaluation\" \/>                <span class=\"acf-spinner\"><\/span>\r\n            <\/div>\r\n        <\/form>\n","protected":false},"excerpt":{"rendered":"<p>Atenci\u00f3n en el hogar de MJHS est\u00e1 acreditada por la Comisi\u00f3n Conjunta con una certificaci\u00f3n en Cuidados paliativos extrahospitalarios. Cont\u00e1ctenos<\/p>\n","protected":false},"author":14,"featured_media":0,"parent":75995,"menu_order":0,"comment_status":"closed","ping_status":"closed","template":"page-sidebar.php","meta":{"_acf_changed":false,"footnotes":""},"categories":[],"class_list":["post-1991","page","type-page","status-publish","hentry"],"translation":{"provider":"WPGlobus","version":"3.0.2","language":"es","enabled_languages":["en","es"],"languages":{"en":{"title":true,"content":true,"excerpt":false},"es":{"title":true,"content":true,"excerpt":false}}},"acf":[],"yoast_head":"<title>Solicitar una evaluaci\u00f3n para Atenci\u00f3n en el hogar | MJHS Health System<\/title>\n<meta name=\"description\" content=\"Fill out your information to request an at home evaluation.\" \/>\n<meta name=\"robots\" content=\"index, follow, max-snippet:-1, max-image-preview:large, max-video-preview:-1\" \/>\n<link rel=\"canonical\" href=\"https:\/\/mjhs-org-lw.ddev.site\/healthcare-professionals\/home-care\/\" \/>\n<meta property=\"og:locale\" content=\"es_MX\" \/>\n<meta property=\"og:type\" content=\"article\" \/>\n<meta property=\"og:title\" content=\"Solicitar una evaluaci\u00f3n para Atenci\u00f3n en el hogar | MJHS Health System\" \/>\n<meta property=\"og:description\" content=\"Fill out your information to request an at home evaluation.\" \/>\n<meta property=\"og:url\" content=\"https:\/\/mjhs-org-lw.ddev.site\/healthcare-professionals\/home-care\/\" \/>\n<meta property=\"og:site_name\" content=\"MJHS Health System\" \/>\n<meta property=\"article:publisher\" content=\"https:\/\/www.facebook.com\/MJHS01\/\" \/>\n<meta property=\"article:modified_time\" content=\"2025-09-10T16:35:27+00:00\" \/>\n<meta name=\"twitter:card\" content=\"summary_large_image\" \/>\n<meta name=\"twitter:site\" content=\"@MJHS01\" \/>\n<script type=\"application\/ld+json\" class=\"yoast-schema-graph\">{\"@context\":\"https:\\\/\\\/schema.org\",\"@graph\":[{\"@type\":\"WebPage\",\"@id\":\"https:\\\/\\\/mjhs-org-lw.ddev.site\\\/healthcare-professionals\\\/home-care\\\/\",\"url\":\"https:\\\/\\\/mjhs-org-lw.ddev.site\\\/healthcare-professionals\\\/home-care\\\/\",\"name\":\"Solicitar una evaluaci\u00f3n para Atenci\u00f3n en el hogar | MJHS Health System\",\"isPartOf\":{\"@id\":\"https:\\\/\\\/mjhs-org-lw.ddev.site\\\/#website\"},\"datePublished\":\"2017-10-17T15:08:56+00:00\",\"dateModified\":\"2025-09-10T16:35:27+00:00\",\"description\":\"Fill out your information to request an at home evaluation.\",\"breadcrumb\":{\"@id\":\"https:\\\/\\\/mjhs-org-lw.ddev.site\\\/healthcare-professionals\\\/home-care\\\/#breadcrumb\"},\"inLanguage\":\"es-MX\",\"potentialAction\":[{\"@type\":\"ReadAction\",\"target\":[\"https:\\\/\\\/mjhs-org-lw.ddev.site\\\/healthcare-professionals\\\/home-care\\\/\"]}]},{\"@type\":\"BreadcrumbList\",\"@id\":\"https:\\\/\\\/mjhs-org-lw.ddev.site\\\/healthcare-professionals\\\/home-care\\\/#breadcrumb\",\"itemListElement\":[{\"@type\":\"ListItem\",\"position\":1,\"name\":\"Home\",\"item\":\"https:\\\/\\\/mjhs-org-lw.ddev.site\\\/\"},{\"@type\":\"ListItem\",\"position\":2,\"name\":\"Health Care Professionals\",\"item\":\"https:\\\/\\\/mjhs-org-lw.ddev.site\\\/healthcare-professionals\\\/\"},{\"@type\":\"ListItem\",\"position\":3,\"name\":\"Request a Home Care Evaluation\"}]},{\"@type\":\"WebSite\",\"@id\":\"https:\\\/\\\/mjhs-org-lw.ddev.site\\\/#website\",\"url\":\"https:\\\/\\\/mjhs-org-lw.ddev.site\\\/\",\"name\":\"MJHS Health System\",\"description\":\"Abriendo el Camino Hacia un Cuidado de Excelencia\",\"publisher\":{\"@id\":\"https:\\\/\\\/mjhs-org-lw.ddev.site\\\/#organization\"},\"potentialAction\":[{\"@type\":\"SearchAction\",\"target\":{\"@type\":\"EntryPoint\",\"urlTemplate\":\"https:\\\/\\\/mjhs-org-lw.ddev.site\\\/?s={search_term_string}\"},\"query-input\":{\"@type\":\"PropertyValueSpecification\",\"valueRequired\":true,\"valueName\":\"search_term_string\"}}],\"inLanguage\":\"es-MX\"},{\"@type\":\"Organization\",\"@id\":\"https:\\\/\\\/mjhs-org-lw.ddev.site\\\/#organization\",\"name\":\"MJHS Health System\",\"url\":\"https:\\\/\\\/mjhs-org-lw.ddev.site\\\/\",\"logo\":{\"@type\":\"ImageObject\",\"inLanguage\":\"es-MX\",\"@id\":\"https:\\\/\\\/mjhs-org-lw.ddev.site\\\/#\\\/schema\\\/logo\\\/image\\\/\",\"url\":\"\\\/wp-content\\\/uploads\\\/2019\\\/07\\\/mjhs_logo_for_SEO.png\",\"contentUrl\":\"\\\/wp-content\\\/uploads\\\/2019\\\/07\\\/mjhs_logo_for_SEO.png\",\"width\":700,\"height\":296,\"caption\":\"MJHS Health System\"},\"image\":{\"@id\":\"https:\\\/\\\/mjhs-org-lw.ddev.site\\\/#\\\/schema\\\/logo\\\/image\\\/\"},\"sameAs\":[\"https:\\\/\\\/www.facebook.com\\\/MJHS01\\\/\",\"https:\\\/\\\/x.com\\\/MJHS01\"]}]}<\/script>","yoast_head_json":{"title":"Solicitar una evaluaci\u00f3n para Atenci\u00f3n en el hogar | MJHS Health System","description":"Fill out your information to request an at home evaluation.","robots":{"index":"index","follow":"follow","max-snippet":"max-snippet:-1","max-image-preview":"max-image-preview:large","max-video-preview":"max-video-preview:-1"},"canonical":"https:\/\/mjhs-org-lw.ddev.site\/healthcare-professionals\/home-care\/","og_locale":"es_MX","og_type":"article","og_title":"Solicitar una evaluaci\u00f3n para Atenci\u00f3n en el hogar | MJHS Health System","og_description":"Fill out your information to request an at home evaluation.","og_url":"https:\/\/mjhs-org-lw.ddev.site\/healthcare-professionals\/home-care\/","og_site_name":"MJHS Health System","article_publisher":"https:\/\/www.facebook.com\/MJHS01\/","article_modified_time":"2025-09-10T16:35:27+00:00","twitter_card":"summary_large_image","twitter_site":"@MJHS01","schema":{"@context":"https:\/\/schema.org","@graph":[{"@type":"WebPage","@id":"https:\/\/mjhs-org-lw.ddev.site\/healthcare-professionals\/home-care\/","url":"https:\/\/mjhs-org-lw.ddev.site\/healthcare-professionals\/home-care\/","name":"Solicitar una evaluaci\u00f3n para Atenci\u00f3n en el hogar | MJHS Health System","isPartOf":{"@id":"https:\/\/mjhs-org-lw.ddev.site\/#website"},"datePublished":"2017-10-17T15:08:56+00:00","dateModified":"2025-09-10T16:35:27+00:00","description":"Fill out your information to request an at home evaluation.","breadcrumb":{"@id":"https:\/\/mjhs-org-lw.ddev.site\/healthcare-professionals\/home-care\/#breadcrumb"},"inLanguage":"es-MX","potentialAction":[{"@type":"ReadAction","target":["https:\/\/mjhs-org-lw.ddev.site\/healthcare-professionals\/home-care\/"]}]},{"@type":"BreadcrumbList","@id":"https:\/\/mjhs-org-lw.ddev.site\/healthcare-professionals\/home-care\/#breadcrumb","itemListElement":[{"@type":"ListItem","position":1,"name":"Home","item":"https:\/\/mjhs-org-lw.ddev.site\/"},{"@type":"ListItem","position":2,"name":"Health Care Professionals","item":"https:\/\/mjhs-org-lw.ddev.site\/healthcare-professionals\/"},{"@type":"ListItem","position":3,"name":"Request a Home Care Evaluation"}]},{"@type":"WebSite","@id":"https:\/\/mjhs-org-lw.ddev.site\/#website","url":"https:\/\/mjhs-org-lw.ddev.site\/","name":"MJHS Health System","description":"Abriendo el Camino Hacia un Cuidado de Excelencia","publisher":{"@id":"https:\/\/mjhs-org-lw.ddev.site\/#organization"},"potentialAction":[{"@type":"SearchAction","target":{"@type":"EntryPoint","urlTemplate":"https:\/\/mjhs-org-lw.ddev.site\/?s={search_term_string}"},"query-input":{"@type":"PropertyValueSpecification","valueRequired":true,"valueName":"search_term_string"}}],"inLanguage":"es-MX"},{"@type":"Organization","@id":"https:\/\/mjhs-org-lw.ddev.site\/#organization","name":"MJHS Health System","url":"https:\/\/mjhs-org-lw.ddev.site\/","logo":{"@type":"ImageObject","inLanguage":"es-MX","@id":"https:\/\/mjhs-org-lw.ddev.site\/#\/schema\/logo\/image\/","url":"\/wp-content\/uploads\/2019\/07\/mjhs_logo_for_SEO.png","contentUrl":"\/wp-content\/uploads\/2019\/07\/mjhs_logo_for_SEO.png","width":700,"height":296,"caption":"MJHS Health System"},"image":{"@id":"https:\/\/mjhs-org-lw.ddev.site\/#\/schema\/logo\/image\/"},"sameAs":["https:\/\/www.facebook.com\/MJHS01\/","https:\/\/x.com\/MJHS01"]}]}},"jetpack_sharing_enabled":true,"_links":{"self":[{"href":"https:\/\/www.mjhs.sandstormdev.net\/es\/wp-json\/wp\/v2\/pages\/1991","targetHints":{"allow":["GET"]}}],"collection":[{"href":"https:\/\/www.mjhs.sandstormdev.net\/es\/wp-json\/wp\/v2\/pages"}],"about":[{"href":"https:\/\/www.mjhs.sandstormdev.net\/es\/wp-json\/wp\/v2\/types\/page"}],"author":[{"embeddable":true,"href":"https:\/\/www.mjhs.sandstormdev.net\/es\/wp-json\/wp\/v2\/users\/14"}],"replies":[{"embeddable":true,"href":"https:\/\/www.mjhs.sandstormdev.net\/es\/wp-json\/wp\/v2\/comments?post=1991"}],"version-history":[{"count":0,"href":"https:\/\/www.mjhs.sandstormdev.net\/es\/wp-json\/wp\/v2\/pages\/1991\/revisions"}],"up":[{"embeddable":true,"href":"https:\/\/www.mjhs.sandstormdev.net\/es\/wp-json\/wp\/v2\/pages\/75995"}],"wp:attachment":[{"href":"https:\/\/www.mjhs.sandstormdev.net\/es\/wp-json\/wp\/v2\/media?parent=1991"}],"wp:term":[{"taxonomy":"category","embeddable":true,"href":"https:\/\/www.mjhs.sandstormdev.net\/es\/wp-json\/wp\/v2\/categories?post=1991"}],"curies":[{"name":"wp","href":"https:\/\/api.w.org\/{rel}","templated":true}]}}