{"id":20656,"date":"2020-03-12T14:20:18","date_gmt":"2020-03-12T14:20:18","guid":{"rendered":"https:\/\/mjhs.wpengine.com\/?page_id=20656"},"modified":"2025-01-27T20:29:47","modified_gmt":"2025-01-28T01:29:47","slug":"menorah-covid-19-update","status":"publish","type":"page","link":"https:\/\/www.mjhs.sandstormdev.net\/es\/covid-19\/menorah-covid-19-update\/","title":{"rendered":"Actualizaci\u00f3n del COVID-19 de Menorah Center"},"content":{"rendered":"\n<p><em>Mayo de 2023<\/em><\/p>\n\n\n\n<p>Seg\u00fan las pautas de los Centros de Servicios de Medicare y Medicaid (CMS), ya no se realizan registros diarios de la actividad relacionada con el COVID. Adem\u00e1s, seg\u00fan las pautas del Departamento de Salud, los visitantes y el personal ya no est\u00e1n obligados a hacerse una prueba antes de ingresar. Menorah sigue realizando pruebas de detecci\u00f3n pasivas e implementando protocolos, como uso de carteles en las instalaciones, medidas de control de infecciones, uso de protectores faciales y pr\u00e1cticas aplicables del centro, y sigue recomendando que los visitantes se realicen una prueba antes de visitar a su ser querido. Volveremos a realizar registros si los requisitos de los CMS cambian.<\/p>\n\n\n\n<p>Si bien la pandemia no ha terminado, desde el 11 de mayo de 2023, el Gobierno de Estados&nbsp;Unidos ha declarado formalmente la finalizaci\u00f3n de la emergencia p\u00fablica nacional y del estado de emergencia nacional por COVID-19.<\/p>\n","protected":false},"excerpt":{"rendered":"<p>Sabemos que muchos familiares est\u00e1n preocupados por el COVID-19, el nuevo coronavirus. Quiero proporcionarle una actualizaci\u00f3n acerca de lo que estamos haciendo para proteger a sus seres queridos en Menorah Center.<\/p>\n","protected":false},"author":3,"featured_media":2534,"parent":20650,"menu_order":0,"comment_status":"closed","ping_status":"closed","template":"","meta":{"_acf_changed":false,"footnotes":""},"categories":[80],"class_list":["post-20656","page","type-page","status-publish","has-post-thumbnail","hentry","category-covid-19"],"translation":{"provider":"WPGlobus","version":"3.0.2","language":"es","enabled_languages":["en","es"],"languages":{"en":{"title":true,"content":true,"excerpt":true},"es":{"title":true,"content":true,"excerpt":true}}},"acf":[],"yoast_head":"<title>Actualizaci\u00f3n del COVID-19 de Menorah Center | MJHS Health System<\/title>\n<meta name=\"robots\" content=\"noindex, nofollow\" \/>\n<meta property=\"og:locale\" content=\"es_MX\" \/>\n<meta property=\"og:type\" content=\"article\" \/>\n<meta property=\"og:title\" content=\"Actualizaci\u00f3n del COVID-19 de Menorah Center | MJHS Health System\" \/>\n<meta property=\"og:url\" content=\"https:\/\/mjhs-org-lw.ddev.site\/covid-19\/menorah-covid-19-update\/\" \/>\n<meta property=\"og:site_name\" content=\"MJHS Health System\" \/>\n<meta property=\"article:publisher\" content=\"https:\/\/www.facebook.com\/MJHS01\/\" \/>\n<meta property=\"article:modified_time\" content=\"2025-01-28T01:29:47+00:00\" \/>\n<meta property=\"og:image\" content=\"https:\/\/mjhs.imgix.net\/2017\/12\/Menorah_Header.png?fm=png\" \/>\n\t<meta property=\"og:image:width\" content=\"900\" \/>\n\t<meta property=\"og:image:height\" content=\"288\" \/>\n\t<meta property=\"og:image:type\" content=\"image\/png\" \/>\n<meta name=\"twitter:card\" content=\"summary_large_image\" \/>\n<meta name=\"twitter:site\" content=\"@MJHS01\" \/>\n<script type=\"application\/ld+json\" class=\"yoast-schema-graph\">{\"@context\":\"https:\\\/\\\/schema.org\",\"@graph\":[{\"@type\":\"WebPage\",\"@id\":\"https:\\\/\\\/mjhs-org-lw.ddev.site\\\/covid-19\\\/menorah-covid-19-update\\\/\",\"url\":\"https:\\\/\\\/mjhs-org-lw.ddev.site\\\/covid-19\\\/menorah-covid-19-update\\\/\",\"name\":\"Actualizaci\u00f3n del COVID-19 de Menorah Center | MJHS Health System\",\"isPartOf\":{\"@id\":\"https:\\\/\\\/mjhs-org-lw.ddev.site\\\/#website\"},\"primaryImageOfPage\":{\"@id\":\"https:\\\/\\\/mjhs-org-lw.ddev.site\\\/covid-19\\\/menorah-covid-19-update\\\/#primaryimage\"},\"image\":{\"@id\":\"https:\\\/\\\/mjhs-org-lw.ddev.site\\\/covid-19\\\/menorah-covid-19-update\\\/#primaryimage\"},\"thumbnailUrl\":\"https:\\\/\\\/mjhs.imgix.net\\\/2017\\\/12\\\/Menorah_Header.png?fm=png\",\"datePublished\":\"2020-03-12T14:20:18+00:00\",\"dateModified\":\"2025-01-28T01:29:47+00:00\",\"description\":\"Read below for information on current updates for the Menorah Center.\",\"breadcrumb\":{\"@id\":\"https:\\\/\\\/mjhs-org-lw.ddev.site\\\/covid-19\\\/menorah-covid-19-update\\\/#breadcrumb\"},\"inLanguage\":\"es-MX\",\"potentialAction\":[{\"@type\":\"ReadAction\",\"target\":[\"https:\\\/\\\/mjhs-org-lw.ddev.site\\\/covid-19\\\/menorah-covid-19-update\\\/\"]}]},{\"@type\":\"ImageObject\",\"inLanguage\":\"es-MX\",\"@id\":\"https:\\\/\\\/mjhs-org-lw.ddev.site\\\/covid-19\\\/menorah-covid-19-update\\\/#primaryimage\",\"url\":\"https:\\\/\\\/mjhs.imgix.net\\\/2017\\\/12\\\/Menorah_Header.png?fm=png\",\"contentUrl\":\"https:\\\/\\\/mjhs.imgix.net\\\/2017\\\/12\\\/Menorah_Header.png?fm=png\",\"width\":900,\"height\":288,\"caption\":\"Beautiful Green Space\"},{\"@type\":\"BreadcrumbList\",\"@id\":\"https:\\\/\\\/mjhs-org-lw.ddev.site\\\/covid-19\\\/menorah-covid-19-update\\\/#breadcrumb\",\"itemListElement\":[{\"@type\":\"ListItem\",\"position\":1,\"name\":\"Home\",\"item\":\"https:\\\/\\\/mjhs-org-lw.ddev.site\\\/\"},{\"@type\":\"ListItem\",\"position\":2,\"name\":\"COVID-19: MJHS Health System Updates\",\"item\":\"https:\\\/\\\/mjhs-org-lw.ddev.site\\\/covid-19\\\/\"},{\"@type\":\"ListItem\",\"position\":3,\"name\":\"Menorah Center Updates\"}]},{\"@type\":\"WebSite\",\"@id\":\"https:\\\/\\\/mjhs-org-lw.ddev.site\\\/#website\",\"url\":\"https:\\\/\\\/mjhs-org-lw.ddev.site\\\/\",\"name\":\"MJHS Health System\",\"description\":\"Abriendo el Camino Hacia un Cuidado de Excelencia\",\"publisher\":{\"@id\":\"https:\\\/\\\/mjhs-org-lw.ddev.site\\\/#organization\"},\"potentialAction\":[{\"@type\":\"SearchAction\",\"target\":{\"@type\":\"EntryPoint\",\"urlTemplate\":\"https:\\\/\\\/mjhs-org-lw.ddev.site\\\/?s={search_term_string}\"},\"query-input\":{\"@type\":\"PropertyValueSpecification\",\"valueRequired\":true,\"valueName\":\"search_term_string\"}}],\"inLanguage\":\"es-MX\"},{\"@type\":\"Organization\",\"@id\":\"https:\\\/\\\/mjhs-org-lw.ddev.site\\\/#organization\",\"name\":\"MJHS Health System\",\"url\":\"https:\\\/\\\/mjhs-org-lw.ddev.site\\\/\",\"logo\":{\"@type\":\"ImageObject\",\"inLanguage\":\"es-MX\",\"@id\":\"https:\\\/\\\/mjhs-org-lw.ddev.site\\\/#\\\/schema\\\/logo\\\/image\\\/\",\"url\":\"\\\/wp-content\\\/uploads\\\/2019\\\/07\\\/mjhs_logo_for_SEO.png\",\"contentUrl\":\"\\\/wp-content\\\/uploads\\\/2019\\\/07\\\/mjhs_logo_for_SEO.png\",\"width\":700,\"height\":296,\"caption\":\"MJHS Health System\"},\"image\":{\"@id\":\"https:\\\/\\\/mjhs-org-lw.ddev.site\\\/#\\\/schema\\\/logo\\\/image\\\/\"},\"sameAs\":[\"https:\\\/\\\/www.facebook.com\\\/MJHS01\\\/\",\"https:\\\/\\\/x.com\\\/MJHS01\"]}]}<\/script>","yoast_head_json":{"title":"Actualizaci\u00f3n del COVID-19 de Menorah Center | MJHS Health System","robots":{"index":"noindex","follow":"nofollow"},"og_locale":"es_MX","og_type":"article","og_title":"Actualizaci\u00f3n del COVID-19 de Menorah Center | MJHS Health System","og_url":"https:\/\/mjhs-org-lw.ddev.site\/covid-19\/menorah-covid-19-update\/","og_site_name":"MJHS Health System","article_publisher":"https:\/\/www.facebook.com\/MJHS01\/","article_modified_time":"2025-01-28T01:29:47+00:00","og_image":[{"width":900,"height":288,"url":"https:\/\/mjhs.imgix.net\/2017\/12\/Menorah_Header.png?fm=png","type":"image\/png"}],"twitter_card":"summary_large_image","twitter_site":"@MJHS01","schema":{"@context":"https:\/\/schema.org","@graph":[{"@type":"WebPage","@id":"https:\/\/mjhs-org-lw.ddev.site\/covid-19\/menorah-covid-19-update\/","url":"https:\/\/mjhs-org-lw.ddev.site\/covid-19\/menorah-covid-19-update\/","name":"Actualizaci\u00f3n del COVID-19 de Menorah Center | MJHS Health System","isPartOf":{"@id":"https:\/\/mjhs-org-lw.ddev.site\/#website"},"primaryImageOfPage":{"@id":"https:\/\/mjhs-org-lw.ddev.site\/covid-19\/menorah-covid-19-update\/#primaryimage"},"image":{"@id":"https:\/\/mjhs-org-lw.ddev.site\/covid-19\/menorah-covid-19-update\/#primaryimage"},"thumbnailUrl":"https:\/\/mjhs.imgix.net\/2017\/12\/Menorah_Header.png?fm=png","datePublished":"2020-03-12T14:20:18+00:00","dateModified":"2025-01-28T01:29:47+00:00","description":"Read below for information on current updates for the Menorah Center.","breadcrumb":{"@id":"https:\/\/mjhs-org-lw.ddev.site\/covid-19\/menorah-covid-19-update\/#breadcrumb"},"inLanguage":"es-MX","potentialAction":[{"@type":"ReadAction","target":["https:\/\/mjhs-org-lw.ddev.site\/covid-19\/menorah-covid-19-update\/"]}]},{"@type":"ImageObject","inLanguage":"es-MX","@id":"https:\/\/mjhs-org-lw.ddev.site\/covid-19\/menorah-covid-19-update\/#primaryimage","url":"https:\/\/mjhs.imgix.net\/2017\/12\/Menorah_Header.png?fm=png","contentUrl":"https:\/\/mjhs.imgix.net\/2017\/12\/Menorah_Header.png?fm=png","width":900,"height":288,"caption":"Beautiful Green Space"},{"@type":"BreadcrumbList","@id":"https:\/\/mjhs-org-lw.ddev.site\/covid-19\/menorah-covid-19-update\/#breadcrumb","itemListElement":[{"@type":"ListItem","position":1,"name":"Home","item":"https:\/\/mjhs-org-lw.ddev.site\/"},{"@type":"ListItem","position":2,"name":"COVID-19: MJHS Health System Updates","item":"https:\/\/mjhs-org-lw.ddev.site\/covid-19\/"},{"@type":"ListItem","position":3,"name":"Menorah Center Updates"}]},{"@type":"WebSite","@id":"https:\/\/mjhs-org-lw.ddev.site\/#website","url":"https:\/\/mjhs-org-lw.ddev.site\/","name":"MJHS Health System","description":"Abriendo el Camino Hacia un Cuidado de Excelencia","publisher":{"@id":"https:\/\/mjhs-org-lw.ddev.site\/#organization"},"potentialAction":[{"@type":"SearchAction","target":{"@type":"EntryPoint","urlTemplate":"https:\/\/mjhs-org-lw.ddev.site\/?s={search_term_string}"},"query-input":{"@type":"PropertyValueSpecification","valueRequired":true,"valueName":"search_term_string"}}],"inLanguage":"es-MX"},{"@type":"Organization","@id":"https:\/\/mjhs-org-lw.ddev.site\/#organization","name":"MJHS Health System","url":"https:\/\/mjhs-org-lw.ddev.site\/","logo":{"@type":"ImageObject","inLanguage":"es-MX","@id":"https:\/\/mjhs-org-lw.ddev.site\/#\/schema\/logo\/image\/","url":"\/wp-content\/uploads\/2019\/07\/mjhs_logo_for_SEO.png","contentUrl":"\/wp-content\/uploads\/2019\/07\/mjhs_logo_for_SEO.png","width":700,"height":296,"caption":"MJHS Health System"},"image":{"@id":"https:\/\/mjhs-org-lw.ddev.site\/#\/schema\/logo\/image\/"},"sameAs":["https:\/\/www.facebook.com\/MJHS01\/","https:\/\/x.com\/MJHS01"]}]}},"jetpack_sharing_enabled":true,"_links":{"self":[{"href":"https:\/\/www.mjhs.sandstormdev.net\/es\/wp-json\/wp\/v2\/pages\/20656","targetHints":{"allow":["GET"]}}],"collection":[{"href":"https:\/\/www.mjhs.sandstormdev.net\/es\/wp-json\/wp\/v2\/pages"}],"about":[{"href":"https:\/\/www.mjhs.sandstormdev.net\/es\/wp-json\/wp\/v2\/types\/page"}],"author":[{"embeddable":true,"href":"https:\/\/www.mjhs.sandstormdev.net\/es\/wp-json\/wp\/v2\/users\/3"}],"replies":[{"embeddable":true,"href":"https:\/\/www.mjhs.sandstormdev.net\/es\/wp-json\/wp\/v2\/comments?post=20656"}],"version-history":[{"count":0,"href":"https:\/\/www.mjhs.sandstormdev.net\/es\/wp-json\/wp\/v2\/pages\/20656\/revisions"}],"up":[{"embeddable":true,"href":"https:\/\/www.mjhs.sandstormdev.net\/es\/wp-json\/wp\/v2\/pages\/20650"}],"wp:featuredmedia":[{"embeddable":true,"href":"https:\/\/www.mjhs.sandstormdev.net\/es\/wp-json\/wp\/v2\/media\/2534"}],"wp:attachment":[{"href":"https:\/\/www.mjhs.sandstormdev.net\/es\/wp-json\/wp\/v2\/media?parent=20656"}],"wp:term":[{"taxonomy":"category","embeddable":true,"href":"https:\/\/www.mjhs.sandstormdev.net\/es\/wp-json\/wp\/v2\/categories?post=20656"}],"curies":[{"name":"wp","href":"https:\/\/api.w.org\/{rel}","templated":true}]}}