{"id":2459,"date":"2017-11-10T15:49:20","date_gmt":"2017-11-10T15:49:20","guid":{"rendered":"http:\/\/english2016b.mjhs.org\/?page_id=2459"},"modified":"2025-09-08T21:22:56","modified_gmt":"2025-09-09T01:22:56","slug":"language-assistance-disclaimer","status":"publish","type":"page","link":"https:\/\/www.mjhs.sandstormdev.net\/es\/centro-de-cumplimiento-de-mjhs\/descargos-de-responsabilidad-sobre-la-asistencia-con-el-idioma\/","title":{"rendered":"Descargos de responsabilidad sobre la asistencia con el idioma"},"content":{"rendered":"\n<p><strong>Language Taglines<\/strong><\/p>\n\n\n\n<p>ATTENTION:\u00a0 If you or a loved one speak a non-English language or require assistance in ASL, language assistance services, free of charge, are available to you.\u00a0 Call <a href=\"tel:+18003533765\">1-800-353-3765<\/a> (TTY: 711).<\/p>\n\n\n\n<p>(Spanish)\u00a0ATENCI\u00d3N: si habla espa\u00f1ol, tiene a su disposici\u00f3n servicios gratuitos de asistencia ling\u00fc\u00edstica. Llame al <a href=\"tel:+18442218082\">1-844-221-8082<\/a> (TTY: 711).<\/p>\n\n\n\n<p>(Mandarin)\u00a0\u6ce8\u610f\uff1a\u5982\u679c\u60a8\u4f7f\u7528\u7e41\u9ad4\u4e2d\u6587\uff0c\u60a8\u53ef\u4ee5\u514d\u8cbb\u7372\u5f97\u8a9e\u8a00\u63f4\u52a9\u670d\u52d9\u3002\u8acb\u81f4\u96fb <a href=\"tel:+18554855514\">1-855-485-5514<\/a> (TTY: 711).<\/p>\n\n\n\n<p>(Russian)\u00a0\u0412\u041d\u0418\u041c\u0410\u041d\u0418\u0415:\u00a0 \u0415\u0441\u043b\u0438 \u0432\u044b \u0433\u043e\u0432\u043e\u0440\u0438\u0442\u0435 \u043d\u0430 \u0440\u0443\u0441\u0441\u043a\u043e\u043c \u044f\u0437\u044b\u043a\u0435, \u0442\u043e \u0432\u0430\u043c \u0434\u043e\u0441\u0442\u0443\u043f\u043d\u044b \u0431\u0435\u0441\u043f\u043b\u0430\u0442\u043d\u044b\u0435 \u0443\u0441\u043b\u0443\u0433\u0438 \u043f\u0435\u0440\u0435\u0432\u043e\u0434\u0430.\u00a0 \u0417\u0432\u043e\u043d\u0438\u0442\u0435 <a href=\"tel:+18554855515\">1-855-485-5515<\/a>\u00a0(\u0442\u0435\u043b\u0435\u0442\u0430\u0439\u043f: 711).<\/p>\n\n\n\n<p>(French Creole)\u00a0ATANSYON:\u00a0 Si w pale Krey\u00f2l Ayisyen, gen s\u00e8vis \u00e8d pou lang ki disponib gratis pou ou.\u00a0 Rele <a href=\"tel:+18554892806\">1-855-489-2806<\/a>\u00a0(TTY: 711).<\/p>\n\n\n\n<p>(Korean)\u00a0\uc8fc\uc758:\u00a0 \ud55c\uad6d\uc5b4\ub97c \uc0ac\uc6a9\ud558\uc2dc\ub294 \uacbd\uc6b0, \uc5b8\uc5b4 \uc9c0\uc6d0 \uc11c\ube44\uc2a4\ub97c \ubb34\ub8cc\ub85c \uc774\uc6a9\ud558\uc2e4 \uc218 \uc788\uc2b5\ub2c8\ub2e4.\u00a0 <a href=\"tel:+18554892811\">1-855-489-2811<\/a> (TTY: 711) \ubc88\uc73c\ub85c \uc804\ud654\ud574 \uc8fc\uc2ed\uc2dc\uc624.<\/p>\n\n\n\n<p>(Italian)\u00a0ATTENZIONE:\u00a0 In caso la lingua parlata sia l\u2019italiano, sono disponibili servizi di assistenza linguistica gratuiti.\u00a0 Chiamare il numero <a href=\"tel:+18554892812\">1-855-489-2812<\/a>\u00a0(TTY: 711).<\/p>\n\n\n\n<p>(Yiddish)\u00a0\u05d0\u05d5\u05d9\u05e4\u05de\u05e2\u05e8\u05e7\u05d6\u05d0\u05dd: \u05d0\u05d5\u05d9\u05d1 \u05d0\u05d9\u05e8 \u05e8\u05e2\u05d3\u05d8 \u05d0\u05d9\u05d3\u05d9\u05e9, \u05d6\u05e2\u05e0\u05e2\u05df \u05e4\u05d0\u05e8\u05d4\u05d0\u05df \u05e4\u05d0\u05e8 \u05d0\u05d9\u05d9\u05da \u05e9\u05e4\u05e8\u05d0\u05da \u05d4\u05d9\u05dc\u05e3 \u05e1\u05e2\u05e8\u05d5\u05d5\u05d9\u05e1\u05e2\u05e1 \u05e4\u05e8\u05d9\u05d9 \u05e4\u05d5\u05df \u05d0\u05e4\u05e6\u05d0\u05dc. \u05e8\u05d5\u05e4\u05d8 <a href=\"tel:+18554892937\">1-855-489-2937<\/a> (TTY: 711)<\/p>\n\n\n\n<p>(Bengali)\u00a0\u09b2\u0995\u09cd\u09b7\u09cd\u09af \u0995\u09b0\u09c1\u09a8\u0983 \u09af\u09a6\u09bf \u0986\u09aa\u09a8\u09bf \u09ac\u09be\u0982\u09b2\u09be, \u0995\u09a5\u09be \u09ac\u09b2\u09a4\u09c7 \u09aa\u09be\u09b0\u09c7\u09a8, \u09a4\u09be\u09b9\u09b2\u09c7 \u09a8\u09bf\u0983\u0996\u09b0\u099a\u09be\u09af\u09bc \u09ad\u09be\u09b7\u09be \u09b8\u09b9\u09be\u09af\u09bc\u09a4\u09be \u09aa\u09b0\u09bf\u09b7\u09c7\u09ac\u09be \u0989\u09aa\u09b2\u09ac\u09cd\u09a7 \u0986\u099b\u09c7\u0964 \u09ab\u09cb\u09a8 \u0995\u09b0\u09c1\u09a8 <a href=\"tel:+18554892937\">1-855-489-2937<\/a> (TTY: 711)\u0964<\/p>\n\n\n\n<p>(Polish)\u00a0UWAGA:\u00a0 Je\u017celi m\u00f3wisz po polsku, mo\u017cesz skorzysta\u0107 z bezp\u0142atnej pomocy j\u0119zykowej.\u00a0 Zadzwo\u0144 pod numer <a href=\"tel:+18554892942\">1-855-489-2942<\/a> (TTY: 711).<\/p>\n\n\n\n<p>(Arabic)\u0645\u0644\u062d\u0648\u0638\u0629:\u00a0 \u0625\u0630\u0627 \u0643\u0646\u062a \u062a\u062a\u062d\u062f\u062b \u0627\u0630\u0643\u0631 \u0627\u0644\u0644\u063a\u0629\u060c \u0641\u0625\u0646 \u062e\u062f\u0645\u0627\u062a \u0627\u0644\u0645\u0633\u0627\u0639\u062f\u0629 \u0627\u0644\u0644\u063a\u0648\u064a\u0629 \u062a\u062a\u0648\u0627\u0641\u0631 \u0644\u0643 \u0628\u0627\u0644\u0645\u062c\u0627\u0646.\u00a0 \u0627\u062a\u0635\u0644 \u0628\u0631\u0642\u0645 -<a href=\"tel:+18554892978\">855-489-2978<\/a> (\u0631\u0642\u0645 \u0647\u0627\u062a\u0641 \u0627\u0644\u0635\u0645 \u0648\u0627\u0644\u0628\u0643\u0645: (TTY: 711).<\/p>\n\n\n\n<p>(French)\u00a0ATTENTION\u00a0:\u00a0 Si vous parlez fran\u00e7ais, des services d\u2019aide linguistique vous sont propos\u00e9s gratuitement.\u00a0 Appelez le <a href=\"tel:+18554892951\">1-855-489-2951<\/a> (ATS: 711).<\/p>\n\n\n\n<p>\u062e\u0628\u0631\u062f\u0627\u0631: \u0627\u06af\u0631 \u0622\u067e \u0627\u0631\u062f\u0648 \u0628\u0648\u0644\u062a\u06d2 \u06c1\u06cc\u06ba\u060c \u062a\u0648 \u0622\u067e \u06a9\u0648 \u0632\u0628\u0627\u0646 \u06a9\u06cc \u0645\u062f\u062f \u06a9\u06cc \u062e\u062f\u0645\u0627\u062a \u0645\u0641\u062a \u0645\u06cc\u06ba \u062f\u0633\u062a\u06cc\u0627\u0628 \u06c1\u06cc\u06ba \u06d4 \u06a9\u0627\u0644 \u06a9\u0631\u06cc\u06ba (Urdu) <a href=\"tel:+18003533765\">1-800-353-3765<\/a>\u00a0 (TTY: 711).<\/p>\n\n\n\n<p>(Tagalog)\u00a0PAUNAWA:\u00a0 Kung nagsasalita ka ng Tagalog, maaari kang gumamit ng mga serbisyo ng tulong sa wika nang walang bayad.\u00a0 Tumawag sa <a href=\"tel:+18554893408\">1-855-489-3408<\/a> (TTY: 711).<\/p>\n\n\n\n<p>(Greek)\u00a0\u03a0\u03a1\u039f\u03a3\u039f\u03a7\u0397: \u0391\u03bd \u03bc\u03b9\u03bb\u03ac\u03c4\u03b5 \u03b5\u03bb\u03bb\u03b7\u03bd\u03b9\u03ba\u03ac, \u03c3\u03c4\u03b7 \u03b4\u03b9\u03ac\u03b8\u03b5\u03c3\u03ae \u03c3\u03b1\u03c2 \u03b2\u03c1\u03af\u03c3\u03ba\u03bf\u03bd\u03c4\u03b1\u03b9 \u03c5\u03c0\u03b7\u03c1\u03b5\u03c3\u03af\u03b5\u03c2 \u03b3\u03bb\u03c9\u03c3\u03c3\u03b9\u03ba\u03ae\u03c2 \u03c5\u03c0\u03bf\u03c3\u03c4\u03ae\u03c1\u03b9\u03be\u03b7\u03c2, \u03bf\u03b9 \u03bf\u03c0\u03bf\u03af\u03b5\u03c2 \u03c0\u03b1\u03c1\u03ad\u03c7\u03bf\u03bd\u03c4\u03b1\u03b9 \u03b4\u03c9\u03c1\u03b5\u03ac\u03bd. \u039a\u03b1\u03bb\u03ad\u03c3\u03c4\u03b5 <a href=\"tel:+18554893409\">1-855-489-3409<\/a>\u00a0(TTY: 711).<\/p>\n\n\n\n<p>(Albanian)\u00a0KUJDES:\u00a0 N\u00ebse flitni shqip, p\u00ebr ju ka n\u00eb dispozicion sh\u00ebrbime t\u00eb asistenc\u00ebs gjuh\u00ebsore, pa pages\u00eb.\u00a0 Telefononi n\u00eb <a href=\"tel:+18554893411\">1-855-489-3411<\/a>\u00a0(TTY: 711).<\/p>\n","protected":false},"excerpt":{"rendered":"<p>Language Taglines ATTENTION:\u00a0 If you or a loved one speak a non-English language or require assistance in ASL, language assistance services, free of charge, are available to you.\u00a0 Call <a href=\"tel:+18003533765\">1-800-353-3765<\/a> [\u2026]<\/p>\n","protected":false},"author":14,"featured_media":0,"parent":61021,"menu_order":1,"comment_status":"closed","ping_status":"closed","template":"page-sidebar.php","meta":{"_acf_changed":false,"footnotes":""},"categories":[],"class_list":["post-2459","page","type-page","status-publish","hentry"],"translation":{"provider":"WPGlobus","version":"3.0.2","language":"es","enabled_languages":["en","es"],"languages":{"en":{"title":true,"content":true,"excerpt":false},"es":{"title":true,"content":true,"excerpt":false}}},"acf":[],"yoast_head":"<title>Descargos de responsabilidad sobre la asistencia con el idioma | MJHS Health System<\/title>\n<meta name=\"robots\" content=\"index, follow, max-snippet:-1, max-image-preview:large, max-video-preview:-1\" \/>\n<link rel=\"canonical\" href=\"https:\/\/mjhs-org-lw.ddev.site\/compliance-center\/language-assistance-disclaimer\/\" \/>\n<meta property=\"og:locale\" content=\"es_MX\" \/>\n<meta property=\"og:type\" content=\"article\" \/>\n<meta property=\"og:title\" content=\"Descargos de responsabilidad sobre la asistencia con el idioma | MJHS Health System\" \/>\n<meta property=\"og:url\" content=\"https:\/\/mjhs-org-lw.ddev.site\/compliance-center\/language-assistance-disclaimer\/\" \/>\n<meta property=\"og:site_name\" content=\"MJHS Health System\" \/>\n<meta property=\"article:publisher\" content=\"https:\/\/www.facebook.com\/MJHS01\/\" \/>\n<meta property=\"article:modified_time\" content=\"2025-09-09T01:22:56+00:00\" \/>\n<meta name=\"twitter:card\" content=\"summary_large_image\" \/>\n<meta name=\"twitter:site\" content=\"@MJHS01\" \/>\n<script type=\"application\/ld+json\" class=\"yoast-schema-graph\">{\"@context\":\"https:\\\/\\\/schema.org\",\"@graph\":[{\"@type\":\"WebPage\",\"@id\":\"https:\\\/\\\/mjhs-org-lw.ddev.site\\\/compliance-center\\\/language-assistance-disclaimer\\\/\",\"url\":\"https:\\\/\\\/mjhs-org-lw.ddev.site\\\/compliance-center\\\/language-assistance-disclaimer\\\/\",\"name\":\"Descargos de responsabilidad sobre la asistencia con el idioma | MJHS Health System\",\"isPartOf\":{\"@id\":\"https:\\\/\\\/mjhs-org-lw.ddev.site\\\/#website\"},\"datePublished\":\"2017-11-10T15:49:20+00:00\",\"dateModified\":\"2025-09-09T01:22:56+00:00\",\"description\":\"{:en}If you or a loved one speak a non-English language or require assistance in ASL, language assistance services, free of charge, are available to you.\",\"breadcrumb\":{\"@id\":\"https:\\\/\\\/mjhs-org-lw.ddev.site\\\/compliance-center\\\/language-assistance-disclaimer\\\/#breadcrumb\"},\"inLanguage\":\"es-MX\",\"potentialAction\":[{\"@type\":\"ReadAction\",\"target\":[\"https:\\\/\\\/mjhs-org-lw.ddev.site\\\/compliance-center\\\/language-assistance-disclaimer\\\/\"]}]},{\"@type\":\"BreadcrumbList\",\"@id\":\"https:\\\/\\\/mjhs-org-lw.ddev.site\\\/compliance-center\\\/language-assistance-disclaimer\\\/#breadcrumb\",\"itemListElement\":[{\"@type\":\"ListItem\",\"position\":1,\"name\":\"Home\",\"item\":\"https:\\\/\\\/mjhs-org-lw.ddev.site\\\/\"},{\"@type\":\"ListItem\",\"position\":2,\"name\":\"Center for MJHS Compliance\",\"item\":\"https:\\\/\\\/mjhs-org-lw.ddev.site\\\/compliance-center\\\/\"},{\"@type\":\"ListItem\",\"position\":3,\"name\":\"Language Assistance Disclaimer\"}]},{\"@type\":\"WebSite\",\"@id\":\"https:\\\/\\\/mjhs-org-lw.ddev.site\\\/#website\",\"url\":\"https:\\\/\\\/mjhs-org-lw.ddev.site\\\/\",\"name\":\"MJHS Health System\",\"description\":\"Abriendo el Camino Hacia un Cuidado de Excelencia\",\"publisher\":{\"@id\":\"https:\\\/\\\/mjhs-org-lw.ddev.site\\\/#organization\"},\"potentialAction\":[{\"@type\":\"SearchAction\",\"target\":{\"@type\":\"EntryPoint\",\"urlTemplate\":\"https:\\\/\\\/mjhs-org-lw.ddev.site\\\/?s={search_term_string}\"},\"query-input\":{\"@type\":\"PropertyValueSpecification\",\"valueRequired\":true,\"valueName\":\"search_term_string\"}}],\"inLanguage\":\"es-MX\"},{\"@type\":\"Organization\",\"@id\":\"https:\\\/\\\/mjhs-org-lw.ddev.site\\\/#organization\",\"name\":\"MJHS Health System\",\"url\":\"https:\\\/\\\/mjhs-org-lw.ddev.site\\\/\",\"logo\":{\"@type\":\"ImageObject\",\"inLanguage\":\"es-MX\",\"@id\":\"https:\\\/\\\/mjhs-org-lw.ddev.site\\\/#\\\/schema\\\/logo\\\/image\\\/\",\"url\":\"\\\/wp-content\\\/uploads\\\/2019\\\/07\\\/mjhs_logo_for_SEO.png\",\"contentUrl\":\"\\\/wp-content\\\/uploads\\\/2019\\\/07\\\/mjhs_logo_for_SEO.png\",\"width\":700,\"height\":296,\"caption\":\"MJHS Health System\"},\"image\":{\"@id\":\"https:\\\/\\\/mjhs-org-lw.ddev.site\\\/#\\\/schema\\\/logo\\\/image\\\/\"},\"sameAs\":[\"https:\\\/\\\/www.facebook.com\\\/MJHS01\\\/\",\"https:\\\/\\\/x.com\\\/MJHS01\"]}]}<\/script>","yoast_head_json":{"title":"Descargos de responsabilidad sobre la asistencia con el idioma | MJHS Health System","robots":{"index":"index","follow":"follow","max-snippet":"max-snippet:-1","max-image-preview":"max-image-preview:large","max-video-preview":"max-video-preview:-1"},"canonical":"https:\/\/mjhs-org-lw.ddev.site\/compliance-center\/language-assistance-disclaimer\/","og_locale":"es_MX","og_type":"article","og_title":"Descargos de responsabilidad sobre la asistencia con el idioma | MJHS Health System","og_url":"https:\/\/mjhs-org-lw.ddev.site\/compliance-center\/language-assistance-disclaimer\/","og_site_name":"MJHS Health System","article_publisher":"https:\/\/www.facebook.com\/MJHS01\/","article_modified_time":"2025-09-09T01:22:56+00:00","twitter_card":"summary_large_image","twitter_site":"@MJHS01","schema":{"@context":"https:\/\/schema.org","@graph":[{"@type":"WebPage","@id":"https:\/\/mjhs-org-lw.ddev.site\/compliance-center\/language-assistance-disclaimer\/","url":"https:\/\/mjhs-org-lw.ddev.site\/compliance-center\/language-assistance-disclaimer\/","name":"Descargos de responsabilidad sobre la asistencia con el idioma | MJHS Health System","isPartOf":{"@id":"https:\/\/mjhs-org-lw.ddev.site\/#website"},"datePublished":"2017-11-10T15:49:20+00:00","dateModified":"2025-09-09T01:22:56+00:00","description":"{:en}If you or a loved one speak a non-English language or require assistance in ASL, language assistance services, free of charge, are available to you.","breadcrumb":{"@id":"https:\/\/mjhs-org-lw.ddev.site\/compliance-center\/language-assistance-disclaimer\/#breadcrumb"},"inLanguage":"es-MX","potentialAction":[{"@type":"ReadAction","target":["https:\/\/mjhs-org-lw.ddev.site\/compliance-center\/language-assistance-disclaimer\/"]}]},{"@type":"BreadcrumbList","@id":"https:\/\/mjhs-org-lw.ddev.site\/compliance-center\/language-assistance-disclaimer\/#breadcrumb","itemListElement":[{"@type":"ListItem","position":1,"name":"Home","item":"https:\/\/mjhs-org-lw.ddev.site\/"},{"@type":"ListItem","position":2,"name":"Center for MJHS Compliance","item":"https:\/\/mjhs-org-lw.ddev.site\/compliance-center\/"},{"@type":"ListItem","position":3,"name":"Language Assistance Disclaimer"}]},{"@type":"WebSite","@id":"https:\/\/mjhs-org-lw.ddev.site\/#website","url":"https:\/\/mjhs-org-lw.ddev.site\/","name":"MJHS Health System","description":"Abriendo el Camino Hacia un Cuidado de Excelencia","publisher":{"@id":"https:\/\/mjhs-org-lw.ddev.site\/#organization"},"potentialAction":[{"@type":"SearchAction","target":{"@type":"EntryPoint","urlTemplate":"https:\/\/mjhs-org-lw.ddev.site\/?s={search_term_string}"},"query-input":{"@type":"PropertyValueSpecification","valueRequired":true,"valueName":"search_term_string"}}],"inLanguage":"es-MX"},{"@type":"Organization","@id":"https:\/\/mjhs-org-lw.ddev.site\/#organization","name":"MJHS Health System","url":"https:\/\/mjhs-org-lw.ddev.site\/","logo":{"@type":"ImageObject","inLanguage":"es-MX","@id":"https:\/\/mjhs-org-lw.ddev.site\/#\/schema\/logo\/image\/","url":"\/wp-content\/uploads\/2019\/07\/mjhs_logo_for_SEO.png","contentUrl":"\/wp-content\/uploads\/2019\/07\/mjhs_logo_for_SEO.png","width":700,"height":296,"caption":"MJHS Health System"},"image":{"@id":"https:\/\/mjhs-org-lw.ddev.site\/#\/schema\/logo\/image\/"},"sameAs":["https:\/\/www.facebook.com\/MJHS01\/","https:\/\/x.com\/MJHS01"]}]}},"jetpack_sharing_enabled":true,"_links":{"self":[{"href":"https:\/\/www.mjhs.sandstormdev.net\/es\/wp-json\/wp\/v2\/pages\/2459","targetHints":{"allow":["GET"]}}],"collection":[{"href":"https:\/\/www.mjhs.sandstormdev.net\/es\/wp-json\/wp\/v2\/pages"}],"about":[{"href":"https:\/\/www.mjhs.sandstormdev.net\/es\/wp-json\/wp\/v2\/types\/page"}],"author":[{"embeddable":true,"href":"https:\/\/www.mjhs.sandstormdev.net\/es\/wp-json\/wp\/v2\/users\/14"}],"replies":[{"embeddable":true,"href":"https:\/\/www.mjhs.sandstormdev.net\/es\/wp-json\/wp\/v2\/comments?post=2459"}],"version-history":[{"count":0,"href":"https:\/\/www.mjhs.sandstormdev.net\/es\/wp-json\/wp\/v2\/pages\/2459\/revisions"}],"up":[{"embeddable":true,"href":"https:\/\/www.mjhs.sandstormdev.net\/es\/wp-json\/wp\/v2\/pages\/61021"}],"wp:attachment":[{"href":"https:\/\/www.mjhs.sandstormdev.net\/es\/wp-json\/wp\/v2\/media?parent=2459"}],"wp:term":[{"taxonomy":"category","embeddable":true,"href":"https:\/\/www.mjhs.sandstormdev.net\/es\/wp-json\/wp\/v2\/categories?post=2459"}],"curies":[{"name":"wp","href":"https:\/\/api.w.org\/{rel}","templated":true}]}}