{"id":73443,"date":"2024-12-16T20:10:09","date_gmt":"2024-12-17T01:10:09","guid":{"rendered":"https:\/\/mjhs1.wpengine.com\/hospice-and-palliative-care\/spiritual-support\/"},"modified":"2026-03-26T13:43:11","modified_gmt":"2026-03-26T17:43:11","slug":"spiritual-support","status":"publish","type":"page","link":"https:\/\/www.mjhs.sandstormdev.net\/es\/cuidados-paliativos-y-de-hospicio\/apoyo-espiritual\/","title":{"rendered":"Apoyo espiritual"},"content":{"rendered":"<div class=\"fifty-fifty-columns mb-0 mt-0\">\n  <div class=\"column column--right column--default\">\n    <div class=\"column__image\">\n      <img decoding=\"async\"\n                  class=\"image-aspect-ratio-1-1\"\n                src=\"https:\/\/mjhs.imgix.net\/2025\/01\/elderly-couple-reading-bible.jpg?fm=pjpg\" alt=\"Elderly couple sitting at a table reading the Bible together, sharing a moment of spiritual support and reflection over coffee.\"\n      >\n    <\/div>\n    <div class=\"column__content\">\n      <h2>Apoyo espiritual para todas las religiones y creencias<\/h2>      <p>Sus valores, su fe y sus creencias espirituales son personales \u2014 y aqu\u00ed se respetan, sean cuales sean. Sabemos por experiencia que muchas personas encuentran consuelo en el apoyo espiritual cuando enfrentan una enfermedad grave o que limita la vida. Por eso, el cuidado pastoral est\u00e1 disponible para cualquier paciente o familia que desee recibirlo como parte de nuestros <a href=\"https:\/\/www.mjhs.org\/es\/cuidados-paliativos-y-de-hospicio\/\">servicios de hospicio y cuidados paliativos.<\/a><\/p>\n<p>Nuestro equipo de cuidado espiritual incluye l\u00edderes religiosos de diversas creencias \u2014 sacerdotes, rabinos, ministros, pastores y capellanes de distintas tradiciones. Aunque generalmente podemos ofrecerle un consejero espiritual de su propia fe, todos los miembros de nuestro equipo est\u00e1n capacitados para apoyar a personas y familias de cualquier origen.<\/p>\n<p>Su consejero espiritual es una parte esencial de s<a href=\"https:\/\/www.mjhs.org\/es\/cuidados-paliativos-y-de-hospicio\/equipo-de-expertos\/\">u equipo de cuidado<\/a>, presente desde el inicio de la atenci\u00f3n, no solo en momentos de crisis. Su capell\u00e1n asignado puede realizar visitas a domicilio, ofrecer apoyo por tel\u00e9fono y tambi\u00e9n est\u00e1 disponible fuera del horario regular si surge alguna necesidad.<\/p>\n<p><strong>Tenga o no una afiliaci\u00f3n religiosa, una visita de apoyo espiritual puede incluir:<\/strong><\/p>\n<ul>\n<li>Acompa\u00f1arle a usted o a su ser querido en un momento de tranquilidad<\/li>\n<li>Escuchar sin juzgar sus temores, arrepentimientos o esperanzas<\/li>\n<li>Facilitar conversaciones significativas entre pacientes y familiares<\/li>\n<li>Apoyar a los familiares con su propio duelo y preguntas espirituales<\/li>\n<li>Coordinar con l\u00edderes religiosos de su comunidad, si as\u00ed lo prefiere<\/li>\n<\/ul>\n          <\/div>\n  <\/div>\n<\/div>\n\n\n\n<div class=\"intro-text\">\n      <h2>Estamos aqu\u00ed para ayudarle a dar el pr\u00f3ximo paso<\/h2>\n  <p>El cuidado espiritual es solo una parte del apoyo integral y compasivo que brindan el hospicio y los cuidados paliativos. Si desea saber m\u00e1s sobre c\u00f3mo podemos apoyarle a usted o a su ser querido \u2014 en lo espiritual, m\u00e9dico y emocional \u2014 estamos aqu\u00ed para conversar.<\/p>\n    <div class=\"intro-text__buttons\">\n              <a href=\"\/es\/about\/mjhs-hospice-care\/\">M\u00e1s sobre los servicios de hospicio<\/a>\n              <a href=\"\/es\/about\/mjhs-palliative-care\/\">M\u00e1s sobre los servicios de cuidados paliativos<\/a>\n          <\/div>\n  <\/div>\n","protected":false},"excerpt":{"rendered":"","protected":false},"author":20,"featured_media":75058,"parent":73416,"menu_order":13,"comment_status":"closed","ping_status":"closed","template":"page-sidebar.php","meta":{"_acf_changed":false,"footnotes":""},"categories":[],"class_list":["post-73443","page","type-page","status-publish","has-post-thumbnail","hentry"],"translation":{"provider":"WPGlobus","version":"3.0.2","language":"es","enabled_languages":["en","es"],"languages":{"en":{"title":true,"content":true,"excerpt":false},"es":{"title":true,"content":true,"excerpt":false}}},"acf":[],"yoast_head":"<title>Apoyo Espiritual en Hospicio | Todas las Creencias | Hospicio y Cuidados Paliativos MJHS<\/title>\n<meta name=\"description\" content=\"Apoyo espiritual disponible para pacientes y familias en hospicio y cuidados paliativos, sin importar su fe. Incluye visitas, apoyo telef\u00f3nico y fuera de horario.\" \/>\n<meta name=\"robots\" content=\"index, follow, max-snippet:-1, max-image-preview:large, max-video-preview:-1\" \/>\n<link rel=\"canonical\" href=\"https:\/\/mjhs-org-lw.ddev.site\/hospice-and-palliative-care\/spiritual-support\/\" \/>\n<meta property=\"og:locale\" content=\"es_MX\" \/>\n<meta property=\"og:type\" content=\"article\" \/>\n<meta property=\"og:title\" content=\"Apoyo Espiritual en Hospicio | Todas las Creencias | Hospicio y Cuidados Paliativos MJHS\" \/>\n<meta property=\"og:description\" content=\"Apoyo espiritual disponible para pacientes y familias en hospicio y cuidados paliativos, sin importar su fe. Incluye visitas, apoyo telef\u00f3nico y fuera de horario.\" \/>\n<meta property=\"og:url\" content=\"https:\/\/mjhs-org-lw.ddev.site\/hospice-and-palliative-care\/spiritual-support\/\" \/>\n<meta property=\"og:site_name\" content=\"MJHS Health System\" \/>\n<meta property=\"article:publisher\" content=\"https:\/\/www.facebook.com\/MJHS01\/\" \/>\n<meta property=\"article:modified_time\" content=\"2026-03-26T17:43:11+00:00\" \/>\n<meta property=\"og:image\" content=\"https:\/\/mjhs.imgix.net\/2025\/01\/patient-and-clergyman-praying.jpg?fm=pjpg\" \/>\n\t<meta property=\"og:image:width\" content=\"1400\" \/>\n\t<meta property=\"og:image:height\" content=\"934\" \/>\n\t<meta property=\"og:image:type\" content=\"image\/jpeg\" \/>\n<meta name=\"twitter:card\" content=\"summary_large_image\" \/>\n<meta name=\"twitter:site\" content=\"@MJHS01\" \/>\n<script type=\"application\/ld+json\" class=\"yoast-schema-graph\">{\"@context\":\"https:\\\/\\\/schema.org\",\"@graph\":[{\"@type\":\"WebPage\",\"@id\":\"https:\\\/\\\/mjhs-org-lw.ddev.site\\\/hospice-and-palliative-care\\\/spiritual-support\\\/\",\"url\":\"https:\\\/\\\/mjhs-org-lw.ddev.site\\\/hospice-and-palliative-care\\\/spiritual-support\\\/\",\"name\":\"Apoyo Espiritual en Hospicio | Todas las Creencias | Hospicio y Cuidados Paliativos MJHS\",\"isPartOf\":{\"@id\":\"https:\\\/\\\/mjhs-org-lw.ddev.site\\\/#website\"},\"primaryImageOfPage\":{\"@id\":\"https:\\\/\\\/mjhs-org-lw.ddev.site\\\/hospice-and-palliative-care\\\/spiritual-support\\\/#primaryimage\"},\"image\":{\"@id\":\"https:\\\/\\\/mjhs-org-lw.ddev.site\\\/hospice-and-palliative-care\\\/spiritual-support\\\/#primaryimage\"},\"thumbnailUrl\":\"https:\\\/\\\/mjhs.imgix.net\\\/2025\\\/01\\\/patient-and-clergyman-praying.jpg?fm=pjpg\",\"datePublished\":\"2024-12-17T01:10:09+00:00\",\"dateModified\":\"2026-03-26T17:43:11+00:00\",\"description\":\"Apoyo espiritual disponible para pacientes y familias en hospicio y cuidados paliativos, sin importar su fe. Incluye visitas, apoyo telef\u00f3nico y fuera de horario.\",\"breadcrumb\":{\"@id\":\"https:\\\/\\\/mjhs-org-lw.ddev.site\\\/hospice-and-palliative-care\\\/spiritual-support\\\/#breadcrumb\"},\"inLanguage\":\"es-MX\",\"potentialAction\":[{\"@type\":\"ReadAction\",\"target\":[\"https:\\\/\\\/mjhs-org-lw.ddev.site\\\/hospice-and-palliative-care\\\/spiritual-support\\\/\"]}]},{\"@type\":\"ImageObject\",\"inLanguage\":\"es-MX\",\"@id\":\"https:\\\/\\\/mjhs-org-lw.ddev.site\\\/hospice-and-palliative-care\\\/spiritual-support\\\/#primaryimage\",\"url\":\"https:\\\/\\\/mjhs.imgix.net\\\/2025\\\/01\\\/patient-and-clergyman-praying.jpg?fm=pjpg\",\"contentUrl\":\"https:\\\/\\\/mjhs.imgix.net\\\/2025\\\/01\\\/patient-and-clergyman-praying.jpg?fm=pjpg\",\"width\":1400,\"height\":934,\"caption\":\"Confident senior man holds his wife's hands while they pray together in their home.\"},{\"@type\":\"BreadcrumbList\",\"@id\":\"https:\\\/\\\/mjhs-org-lw.ddev.site\\\/hospice-and-palliative-care\\\/spiritual-support\\\/#breadcrumb\",\"itemListElement\":[{\"@type\":\"ListItem\",\"position\":1,\"name\":\"Home\",\"item\":\"https:\\\/\\\/mjhs-org-lw.ddev.site\\\/\"},{\"@type\":\"ListItem\",\"position\":2,\"name\":\"Hospice and Palliative Care\",\"item\":\"https:\\\/\\\/mjhs-org-lw.ddev.site\\\/hospice-and-palliative-care\\\/\"},{\"@type\":\"ListItem\",\"position\":3,\"name\":\"Spiritual Support\"}]},{\"@type\":\"WebSite\",\"@id\":\"https:\\\/\\\/mjhs-org-lw.ddev.site\\\/#website\",\"url\":\"https:\\\/\\\/mjhs-org-lw.ddev.site\\\/\",\"name\":\"MJHS Health System\",\"description\":\"Abriendo el Camino Hacia un Cuidado de Excelencia\",\"publisher\":{\"@id\":\"https:\\\/\\\/mjhs-org-lw.ddev.site\\\/#organization\"},\"potentialAction\":[{\"@type\":\"SearchAction\",\"target\":{\"@type\":\"EntryPoint\",\"urlTemplate\":\"https:\\\/\\\/mjhs-org-lw.ddev.site\\\/?s={search_term_string}\"},\"query-input\":{\"@type\":\"PropertyValueSpecification\",\"valueRequired\":true,\"valueName\":\"search_term_string\"}}],\"inLanguage\":\"es-MX\"},{\"@type\":\"Organization\",\"@id\":\"https:\\\/\\\/mjhs-org-lw.ddev.site\\\/#organization\",\"name\":\"MJHS Health System\",\"url\":\"https:\\\/\\\/mjhs-org-lw.ddev.site\\\/\",\"logo\":{\"@type\":\"ImageObject\",\"inLanguage\":\"es-MX\",\"@id\":\"https:\\\/\\\/mjhs-org-lw.ddev.site\\\/#\\\/schema\\\/logo\\\/image\\\/\",\"url\":\"\\\/wp-content\\\/uploads\\\/2019\\\/07\\\/mjhs_logo_for_SEO.png\",\"contentUrl\":\"\\\/wp-content\\\/uploads\\\/2019\\\/07\\\/mjhs_logo_for_SEO.png\",\"width\":700,\"height\":296,\"caption\":\"MJHS Health System\"},\"image\":{\"@id\":\"https:\\\/\\\/mjhs-org-lw.ddev.site\\\/#\\\/schema\\\/logo\\\/image\\\/\"},\"sameAs\":[\"https:\\\/\\\/www.facebook.com\\\/MJHS01\\\/\",\"https:\\\/\\\/x.com\\\/MJHS01\"]}]}<\/script>","yoast_head_json":{"title":"Apoyo Espiritual en Hospicio | Todas las Creencias | Hospicio y Cuidados Paliativos MJHS","description":"Apoyo espiritual disponible para pacientes y familias en hospicio y cuidados paliativos, sin importar su fe. Incluye visitas, apoyo telef\u00f3nico y fuera de horario.","robots":{"index":"index","follow":"follow","max-snippet":"max-snippet:-1","max-image-preview":"max-image-preview:large","max-video-preview":"max-video-preview:-1"},"canonical":"https:\/\/mjhs-org-lw.ddev.site\/hospice-and-palliative-care\/spiritual-support\/","og_locale":"es_MX","og_type":"article","og_title":"Apoyo Espiritual en Hospicio | Todas las Creencias | Hospicio y Cuidados Paliativos MJHS","og_description":"Apoyo espiritual disponible para pacientes y familias en hospicio y cuidados paliativos, sin importar su fe. Incluye visitas, apoyo telef\u00f3nico y fuera de horario.","og_url":"https:\/\/mjhs-org-lw.ddev.site\/hospice-and-palliative-care\/spiritual-support\/","og_site_name":"MJHS Health System","article_publisher":"https:\/\/www.facebook.com\/MJHS01\/","article_modified_time":"2026-03-26T17:43:11+00:00","og_image":[{"width":1400,"height":934,"url":"https:\/\/mjhs.imgix.net\/2025\/01\/patient-and-clergyman-praying.jpg?fm=pjpg","type":"image\/jpeg"}],"twitter_card":"summary_large_image","twitter_site":"@MJHS01","schema":{"@context":"https:\/\/schema.org","@graph":[{"@type":"WebPage","@id":"https:\/\/mjhs-org-lw.ddev.site\/hospice-and-palliative-care\/spiritual-support\/","url":"https:\/\/mjhs-org-lw.ddev.site\/hospice-and-palliative-care\/spiritual-support\/","name":"Apoyo Espiritual en Hospicio | Todas las Creencias | Hospicio y Cuidados Paliativos MJHS","isPartOf":{"@id":"https:\/\/mjhs-org-lw.ddev.site\/#website"},"primaryImageOfPage":{"@id":"https:\/\/mjhs-org-lw.ddev.site\/hospice-and-palliative-care\/spiritual-support\/#primaryimage"},"image":{"@id":"https:\/\/mjhs-org-lw.ddev.site\/hospice-and-palliative-care\/spiritual-support\/#primaryimage"},"thumbnailUrl":"https:\/\/mjhs.imgix.net\/2025\/01\/patient-and-clergyman-praying.jpg?fm=pjpg","datePublished":"2024-12-17T01:10:09+00:00","dateModified":"2026-03-26T17:43:11+00:00","description":"Apoyo espiritual disponible para pacientes y familias en hospicio y cuidados paliativos, sin importar su fe. Incluye visitas, apoyo telef\u00f3nico y fuera de horario.","breadcrumb":{"@id":"https:\/\/mjhs-org-lw.ddev.site\/hospice-and-palliative-care\/spiritual-support\/#breadcrumb"},"inLanguage":"es-MX","potentialAction":[{"@type":"ReadAction","target":["https:\/\/mjhs-org-lw.ddev.site\/hospice-and-palliative-care\/spiritual-support\/"]}]},{"@type":"ImageObject","inLanguage":"es-MX","@id":"https:\/\/mjhs-org-lw.ddev.site\/hospice-and-palliative-care\/spiritual-support\/#primaryimage","url":"https:\/\/mjhs.imgix.net\/2025\/01\/patient-and-clergyman-praying.jpg?fm=pjpg","contentUrl":"https:\/\/mjhs.imgix.net\/2025\/01\/patient-and-clergyman-praying.jpg?fm=pjpg","width":1400,"height":934,"caption":"Confident senior man holds his wife's hands while they pray together in their home."},{"@type":"BreadcrumbList","@id":"https:\/\/mjhs-org-lw.ddev.site\/hospice-and-palliative-care\/spiritual-support\/#breadcrumb","itemListElement":[{"@type":"ListItem","position":1,"name":"Home","item":"https:\/\/mjhs-org-lw.ddev.site\/"},{"@type":"ListItem","position":2,"name":"Hospice and Palliative Care","item":"https:\/\/mjhs-org-lw.ddev.site\/hospice-and-palliative-care\/"},{"@type":"ListItem","position":3,"name":"Spiritual Support"}]},{"@type":"WebSite","@id":"https:\/\/mjhs-org-lw.ddev.site\/#website","url":"https:\/\/mjhs-org-lw.ddev.site\/","name":"MJHS Health System","description":"Abriendo el Camino Hacia un Cuidado de Excelencia","publisher":{"@id":"https:\/\/mjhs-org-lw.ddev.site\/#organization"},"potentialAction":[{"@type":"SearchAction","target":{"@type":"EntryPoint","urlTemplate":"https:\/\/mjhs-org-lw.ddev.site\/?s={search_term_string}"},"query-input":{"@type":"PropertyValueSpecification","valueRequired":true,"valueName":"search_term_string"}}],"inLanguage":"es-MX"},{"@type":"Organization","@id":"https:\/\/mjhs-org-lw.ddev.site\/#organization","name":"MJHS Health System","url":"https:\/\/mjhs-org-lw.ddev.site\/","logo":{"@type":"ImageObject","inLanguage":"es-MX","@id":"https:\/\/mjhs-org-lw.ddev.site\/#\/schema\/logo\/image\/","url":"\/wp-content\/uploads\/2019\/07\/mjhs_logo_for_SEO.png","contentUrl":"\/wp-content\/uploads\/2019\/07\/mjhs_logo_for_SEO.png","width":700,"height":296,"caption":"MJHS Health System"},"image":{"@id":"https:\/\/mjhs-org-lw.ddev.site\/#\/schema\/logo\/image\/"},"sameAs":["https:\/\/www.facebook.com\/MJHS01\/","https:\/\/x.com\/MJHS01"]}]}},"jetpack_sharing_enabled":true,"_links":{"self":[{"href":"https:\/\/www.mjhs.sandstormdev.net\/es\/wp-json\/wp\/v2\/pages\/73443","targetHints":{"allow":["GET"]}}],"collection":[{"href":"https:\/\/www.mjhs.sandstormdev.net\/es\/wp-json\/wp\/v2\/pages"}],"about":[{"href":"https:\/\/www.mjhs.sandstormdev.net\/es\/wp-json\/wp\/v2\/types\/page"}],"author":[{"embeddable":true,"href":"https:\/\/www.mjhs.sandstormdev.net\/es\/wp-json\/wp\/v2\/users\/20"}],"replies":[{"embeddable":true,"href":"https:\/\/www.mjhs.sandstormdev.net\/es\/wp-json\/wp\/v2\/comments?post=73443"}],"version-history":[{"count":3,"href":"https:\/\/www.mjhs.sandstormdev.net\/es\/wp-json\/wp\/v2\/pages\/73443\/revisions"}],"predecessor-version":[{"id":78836,"href":"https:\/\/www.mjhs.sandstormdev.net\/es\/wp-json\/wp\/v2\/pages\/73443\/revisions\/78836"}],"up":[{"embeddable":true,"href":"https:\/\/www.mjhs.sandstormdev.net\/es\/wp-json\/wp\/v2\/pages\/73416"}],"wp:featuredmedia":[{"embeddable":true,"href":"https:\/\/www.mjhs.sandstormdev.net\/es\/wp-json\/wp\/v2\/media\/75058"}],"wp:attachment":[{"href":"https:\/\/www.mjhs.sandstormdev.net\/es\/wp-json\/wp\/v2\/media?parent=73443"}],"wp:term":[{"taxonomy":"category","embeddable":true,"href":"https:\/\/www.mjhs.sandstormdev.net\/es\/wp-json\/wp\/v2\/categories?post=73443"}],"curies":[{"name":"wp","href":"https:\/\/api.w.org\/{rel}","templated":true}]}}