{"id":74910,"date":"2025-01-29T18:21:22","date_gmt":"2025-01-29T23:21:22","guid":{"rendered":"https:\/\/mjhs1.wpengine.com\/?page_id=74910"},"modified":"2025-09-08T15:09:21","modified_gmt":"2025-09-08T19:09:21","slug":"programs-for-the-youth","status":"publish","type":"page","link":"https:\/\/www.mjhs.sandstormdev.net\/es\/acerca-de-mjhs\/mjhs-isabella-center\/programas-comunitarios\/programas-para-los-j%C3%B3venes\/","title":{"rendered":"Programas para los j\u00f3venes"},"content":{"rendered":"\n<h2 class=\"wp-block-heading\" id=\"h-abra-su-mundo\">Abra su mundo<\/h2>\n\n\n\n<p>Isabella ofrece diversas oportunidades satisfactorias para que los estudiantes exploren las oportunidades profesionales, se familiaricen con el mundo de los entornos laborales e interact\u00faen con gente de otras generaciones, culturas y procedencia. Nuestros programas son ideales para los estudiantes secundarios que deben cumplir con servicios comunitarios.<\/p>\n\n\n\n<h3 class=\"wp-block-heading\" id=\"h-programa-de-empleo-de-verano-para-jovenes-en-isabella\">Programa de empleo de verano para j\u00f3venes en Isabella<\/h3>\n\n\n\n<p>El programa de empleo de verano para j\u00f3venes ofrece oportunidades laborales de verano para j\u00f3venes de entre 14 y 21 a\u00f1os.Isabella alienta a los estudiantes del norte de Manhattan a que se inscriban.<\/p>\n\n\n\n<p><strong>For further information<\/strong>, see the New York City Department of Youth and Community Development (DYCD). Los participantes deben tramitar la solicitud a trav\u00e9s de las siguientes agencias: YM &amp; YWHA of Washington Heights and Inwood.<\/p>\n\n\n\n<h3 class=\"wp-block-heading\" id=\"h-programa-de-mentores-de-verano-para-hijos-de-empleados-no-afiliados-de-isabella\">Programa de mentores de verano para hijos de empleados no afiliados de Isabella.<\/h3>\n\n\n\n<p>El programa de mentores de verano para ni\u00f1os de empleados no afiliados de Isabella est\u00e1 disponible para estudiantes secundarios de entre 14 y 18\u00a0a\u00f1os. Los adolescentes elegibles reciben experiencia remunerada en diversos puestos de Isabella durante el verano.<\/p>\n\n\n\n<p><strong>Para obtener m\u00e1s informaci\u00f3n<\/strong>, comun\u00edquese con nuestro Departamento de Voluntarios al\u00a0<a href=\"tel:2123429351\" rel=\"noreferrer noopener\" target=\"_blank\">212-342-9351<\/a>.<\/p>\n\n\n\n<h3 class=\"wp-block-heading\" id=\"h-programa-de-mentores-de-verano-para-hijos-de-empleados-afiliados-de-isabella\">Programa de mentores de verano para hijos de empleados afiliados de Isabella.<\/h3>\n\n\n\n<p>El programa de mentores para estudiantes est\u00e1 disponible para estudiantes cuyos padres son miembros del sindicato de trabajadores hospitalarios (1199 SEIU).<\/p>\n\n\n\n<p><strong>Para obtener m\u00e1s informaci\u00f3n<\/strong>, cont\u00e1ctese con el Programa de mentor\u00edas para j\u00f3venes de 1199 SEIU al\u00a0<a href=\"tel:6464736921\" rel=\"noreferrer noopener\" target=\"_blank\">646-473-6921<\/a>.<\/p>\n\n\n\n<p><\/p>\n","protected":false},"excerpt":{"rendered":"<p>Isabella offers many satisfying opportunities for students to explore career possibilities, become accustomed to the world of work environments, and interact with people of other generations, cultures and backgrounds. Our programs are ideal for high school students with community service requirements.<\/p>\n","protected":false},"author":20,"featured_media":0,"parent":7589,"menu_order":0,"comment_status":"closed","ping_status":"closed","template":"page-sidebar.php","meta":{"_acf_changed":false,"footnotes":""},"categories":[],"class_list":["post-74910","page","type-page","status-publish","hentry"],"translation":{"provider":"WPGlobus","version":"3.0.2","language":"es","enabled_languages":["en","es"],"languages":{"en":{"title":true,"content":true,"excerpt":true},"es":{"title":true,"content":true,"excerpt":false}}},"acf":[],"yoast_head":"<title>Programas para los j\u00f3venes | MJHS Health System<\/title>\n<meta name=\"description\" content=\"Los programas para j\u00f3venes de MJHS Isabella Center ofrecen a los estudiantes de secundaria trabajos de verano, tutor\u00eda y oportunidades de servicio comunitario para desarrollar habilidades y aprender sobre carreras profesionales.\" \/>\n<meta name=\"robots\" content=\"index, follow, max-snippet:-1, max-image-preview:large, max-video-preview:-1\" \/>\n<link rel=\"canonical\" href=\"https:\/\/www.mjhs.sandstormdev.net\/es\/about\/mjhs-isabella-center\/community-programs\/programs-for-the-youth\/\" \/>\n<meta property=\"og:locale\" content=\"es_MX\" \/>\n<meta property=\"og:type\" content=\"article\" \/>\n<meta property=\"og:title\" content=\"Programas para los j\u00f3venes | MJHS Health System\" \/>\n<meta property=\"og:description\" content=\"Los programas para j\u00f3venes de MJHS Isabella Center ofrecen a los estudiantes de secundaria trabajos de verano, tutor\u00eda y oportunidades de servicio comunitario para desarrollar habilidades y aprender sobre carreras profesionales.\" \/>\n<meta property=\"og:url\" content=\"https:\/\/www.mjhs.sandstormdev.net\/about\/mjhs-isabella-center\/community-programs\/programs-for-the-youth\/\" \/>\n<meta property=\"og:site_name\" content=\"MJHS Health System\" \/>\n<meta property=\"article:publisher\" content=\"https:\/\/www.facebook.com\/MJHS01\/\" \/>\n<meta property=\"article:modified_time\" content=\"2025-09-08T19:09:21+00:00\" \/>\n<meta name=\"twitter:card\" content=\"summary_large_image\" \/>\n<meta name=\"twitter:site\" content=\"@MJHS01\" \/>\n<script type=\"application\/ld+json\" class=\"yoast-schema-graph\">{\"@context\":\"https:\\\/\\\/schema.org\",\"@graph\":[{\"@type\":\"WebPage\",\"@id\":\"https:\\\/\\\/www.mjhs.sandstormdev.net\\\/about\\\/mjhs-isabella-center\\\/community-programs\\\/programs-for-the-youth\\\/\",\"url\":\"https:\\\/\\\/www.mjhs.sandstormdev.net\\\/about\\\/mjhs-isabella-center\\\/community-programs\\\/programs-for-the-youth\\\/\",\"name\":\"Programas para los j\u00f3venes | MJHS Health System\",\"isPartOf\":{\"@id\":\"https:\\\/\\\/mjhs-org-lw.ddev.site\\\/#website\"},\"datePublished\":\"2025-01-29T23:21:22+00:00\",\"dateModified\":\"2025-09-08T19:09:21+00:00\",\"description\":\"Los programas para j\u00f3venes de MJHS Isabella Center ofrecen a los estudiantes de secundaria trabajos de verano, tutor\u00eda y oportunidades de servicio comunitario para desarrollar habilidades y aprender sobre carreras profesionales.\",\"breadcrumb\":{\"@id\":\"https:\\\/\\\/www.mjhs.sandstormdev.net\\\/about\\\/mjhs-isabella-center\\\/community-programs\\\/programs-for-the-youth\\\/#breadcrumb\"},\"inLanguage\":\"es-MX\",\"potentialAction\":[{\"@type\":\"ReadAction\",\"target\":[\"https:\\\/\\\/www.mjhs.sandstormdev.net\\\/about\\\/mjhs-isabella-center\\\/community-programs\\\/programs-for-the-youth\\\/\"]}]},{\"@type\":\"BreadcrumbList\",\"@id\":\"https:\\\/\\\/www.mjhs.sandstormdev.net\\\/about\\\/mjhs-isabella-center\\\/community-programs\\\/programs-for-the-youth\\\/#breadcrumb\",\"itemListElement\":[{\"@type\":\"ListItem\",\"position\":1,\"name\":\"Home\",\"item\":\"https:\\\/\\\/mjhs-org-lw.ddev.site\\\/\"},{\"@type\":\"ListItem\",\"position\":2,\"name\":\"About MJHS\",\"item\":\"https:\\\/\\\/mjhs-org-lw.ddev.site\\\/about\\\/\"},{\"@type\":\"ListItem\",\"position\":3,\"name\":\"MJHS Isabella Center for Rehabilitation and Nursing Care\",\"item\":\"https:\\\/\\\/mjhs-org-lw.ddev.site\\\/about\\\/mjhs-isabella-center\\\/\"},{\"@type\":\"ListItem\",\"position\":4,\"name\":\"Community Programs\",\"item\":\"https:\\\/\\\/mjhs-org-lw.ddev.site\\\/about\\\/mjhs-isabella-center\\\/community-programs\\\/\"},{\"@type\":\"ListItem\",\"position\":5,\"name\":\"Programs for the Youth\"}]},{\"@type\":\"WebSite\",\"@id\":\"https:\\\/\\\/mjhs-org-lw.ddev.site\\\/#website\",\"url\":\"https:\\\/\\\/mjhs-org-lw.ddev.site\\\/\",\"name\":\"MJHS Health System\",\"description\":\"Abriendo el Camino Hacia un Cuidado de Excelencia\",\"publisher\":{\"@id\":\"https:\\\/\\\/mjhs-org-lw.ddev.site\\\/#organization\"},\"potentialAction\":[{\"@type\":\"SearchAction\",\"target\":{\"@type\":\"EntryPoint\",\"urlTemplate\":\"https:\\\/\\\/mjhs-org-lw.ddev.site\\\/?s={search_term_string}\"},\"query-input\":{\"@type\":\"PropertyValueSpecification\",\"valueRequired\":true,\"valueName\":\"search_term_string\"}}],\"inLanguage\":\"es-MX\"},{\"@type\":\"Organization\",\"@id\":\"https:\\\/\\\/mjhs-org-lw.ddev.site\\\/#organization\",\"name\":\"MJHS Health System\",\"url\":\"https:\\\/\\\/mjhs-org-lw.ddev.site\\\/\",\"logo\":{\"@type\":\"ImageObject\",\"inLanguage\":\"es-MX\",\"@id\":\"https:\\\/\\\/mjhs-org-lw.ddev.site\\\/#\\\/schema\\\/logo\\\/image\\\/\",\"url\":\"\\\/wp-content\\\/uploads\\\/2019\\\/07\\\/mjhs_logo_for_SEO.png\",\"contentUrl\":\"\\\/wp-content\\\/uploads\\\/2019\\\/07\\\/mjhs_logo_for_SEO.png\",\"width\":700,\"height\":296,\"caption\":\"MJHS Health System\"},\"image\":{\"@id\":\"https:\\\/\\\/mjhs-org-lw.ddev.site\\\/#\\\/schema\\\/logo\\\/image\\\/\"},\"sameAs\":[\"https:\\\/\\\/www.facebook.com\\\/MJHS01\\\/\",\"https:\\\/\\\/x.com\\\/MJHS01\"]}]}<\/script>","yoast_head_json":{"title":"Programas para los j\u00f3venes | MJHS Health System","description":"Los programas para j\u00f3venes de MJHS Isabella Center ofrecen a los estudiantes de secundaria trabajos de verano, tutor\u00eda y oportunidades de servicio comunitario para desarrollar habilidades y aprender sobre carreras profesionales.","robots":{"index":"index","follow":"follow","max-snippet":"max-snippet:-1","max-image-preview":"max-image-preview:large","max-video-preview":"max-video-preview:-1"},"canonical":"https:\/\/www.mjhs.sandstormdev.net\/es\/about\/mjhs-isabella-center\/community-programs\/programs-for-the-youth\/","og_locale":"es_MX","og_type":"article","og_title":"Programas para los j\u00f3venes | MJHS Health System","og_description":"Los programas para j\u00f3venes de MJHS Isabella Center ofrecen a los estudiantes de secundaria trabajos de verano, tutor\u00eda y oportunidades de servicio comunitario para desarrollar habilidades y aprender sobre carreras profesionales.","og_url":"https:\/\/www.mjhs.sandstormdev.net\/about\/mjhs-isabella-center\/community-programs\/programs-for-the-youth\/","og_site_name":"MJHS Health System","article_publisher":"https:\/\/www.facebook.com\/MJHS01\/","article_modified_time":"2025-09-08T19:09:21+00:00","twitter_card":"summary_large_image","twitter_site":"@MJHS01","schema":{"@context":"https:\/\/schema.org","@graph":[{"@type":"WebPage","@id":"https:\/\/www.mjhs.sandstormdev.net\/about\/mjhs-isabella-center\/community-programs\/programs-for-the-youth\/","url":"https:\/\/www.mjhs.sandstormdev.net\/about\/mjhs-isabella-center\/community-programs\/programs-for-the-youth\/","name":"Programas para los j\u00f3venes | MJHS Health System","isPartOf":{"@id":"https:\/\/mjhs-org-lw.ddev.site\/#website"},"datePublished":"2025-01-29T23:21:22+00:00","dateModified":"2025-09-08T19:09:21+00:00","description":"Los programas para j\u00f3venes de MJHS Isabella Center ofrecen a los estudiantes de secundaria trabajos de verano, tutor\u00eda y oportunidades de servicio comunitario para desarrollar habilidades y aprender sobre carreras profesionales.","breadcrumb":{"@id":"https:\/\/www.mjhs.sandstormdev.net\/about\/mjhs-isabella-center\/community-programs\/programs-for-the-youth\/#breadcrumb"},"inLanguage":"es-MX","potentialAction":[{"@type":"ReadAction","target":["https:\/\/www.mjhs.sandstormdev.net\/about\/mjhs-isabella-center\/community-programs\/programs-for-the-youth\/"]}]},{"@type":"BreadcrumbList","@id":"https:\/\/www.mjhs.sandstormdev.net\/about\/mjhs-isabella-center\/community-programs\/programs-for-the-youth\/#breadcrumb","itemListElement":[{"@type":"ListItem","position":1,"name":"Home","item":"https:\/\/mjhs-org-lw.ddev.site\/"},{"@type":"ListItem","position":2,"name":"About MJHS","item":"https:\/\/mjhs-org-lw.ddev.site\/about\/"},{"@type":"ListItem","position":3,"name":"MJHS Isabella Center for Rehabilitation and Nursing Care","item":"https:\/\/mjhs-org-lw.ddev.site\/about\/mjhs-isabella-center\/"},{"@type":"ListItem","position":4,"name":"Community Programs","item":"https:\/\/mjhs-org-lw.ddev.site\/about\/mjhs-isabella-center\/community-programs\/"},{"@type":"ListItem","position":5,"name":"Programs for the Youth"}]},{"@type":"WebSite","@id":"https:\/\/mjhs-org-lw.ddev.site\/#website","url":"https:\/\/mjhs-org-lw.ddev.site\/","name":"MJHS Health System","description":"Abriendo el Camino Hacia un Cuidado de Excelencia","publisher":{"@id":"https:\/\/mjhs-org-lw.ddev.site\/#organization"},"potentialAction":[{"@type":"SearchAction","target":{"@type":"EntryPoint","urlTemplate":"https:\/\/mjhs-org-lw.ddev.site\/?s={search_term_string}"},"query-input":{"@type":"PropertyValueSpecification","valueRequired":true,"valueName":"search_term_string"}}],"inLanguage":"es-MX"},{"@type":"Organization","@id":"https:\/\/mjhs-org-lw.ddev.site\/#organization","name":"MJHS Health System","url":"https:\/\/mjhs-org-lw.ddev.site\/","logo":{"@type":"ImageObject","inLanguage":"es-MX","@id":"https:\/\/mjhs-org-lw.ddev.site\/#\/schema\/logo\/image\/","url":"\/wp-content\/uploads\/2019\/07\/mjhs_logo_for_SEO.png","contentUrl":"\/wp-content\/uploads\/2019\/07\/mjhs_logo_for_SEO.png","width":700,"height":296,"caption":"MJHS Health System"},"image":{"@id":"https:\/\/mjhs-org-lw.ddev.site\/#\/schema\/logo\/image\/"},"sameAs":["https:\/\/www.facebook.com\/MJHS01\/","https:\/\/x.com\/MJHS01"]}]}},"jetpack_sharing_enabled":true,"_links":{"self":[{"href":"https:\/\/www.mjhs.sandstormdev.net\/es\/wp-json\/wp\/v2\/pages\/74910","targetHints":{"allow":["GET"]}}],"collection":[{"href":"https:\/\/www.mjhs.sandstormdev.net\/es\/wp-json\/wp\/v2\/pages"}],"about":[{"href":"https:\/\/www.mjhs.sandstormdev.net\/es\/wp-json\/wp\/v2\/types\/page"}],"author":[{"embeddable":true,"href":"https:\/\/www.mjhs.sandstormdev.net\/es\/wp-json\/wp\/v2\/users\/20"}],"replies":[{"embeddable":true,"href":"https:\/\/www.mjhs.sandstormdev.net\/es\/wp-json\/wp\/v2\/comments?post=74910"}],"version-history":[{"count":0,"href":"https:\/\/www.mjhs.sandstormdev.net\/es\/wp-json\/wp\/v2\/pages\/74910\/revisions"}],"up":[{"embeddable":true,"href":"https:\/\/www.mjhs.sandstormdev.net\/es\/wp-json\/wp\/v2\/pages\/7589"}],"wp:attachment":[{"href":"https:\/\/www.mjhs.sandstormdev.net\/es\/wp-json\/wp\/v2\/media?parent=74910"}],"wp:term":[{"taxonomy":"category","embeddable":true,"href":"https:\/\/www.mjhs.sandstormdev.net\/es\/wp-json\/wp\/v2\/categories?post=74910"}],"curies":[{"name":"wp","href":"https:\/\/api.w.org\/{rel}","templated":true}]}}