{"id":75639,"date":"2025-02-11T12:59:37","date_gmt":"2025-02-11T17:59:37","guid":{"rendered":"https:\/\/mjhs1.wpengine.com\/?page_id=75639"},"modified":"2025-09-08T15:02:29","modified_gmt":"2025-09-08T19:02:29","slug":"the-mjhs-memory-care-residence","status":"publish","type":"page","link":"https:\/\/www.mjhs.sandstormdev.net\/es\/acerca-de-mjhs\/menorah-center-for-rehabilitation-and-nursing-care\/la-memory-care-residence-de-mjhs\/","title":{"rendered":"La MJHS Memory Care Residence"},"content":{"rendered":"\n<h2 class=\"wp-block-heading\" id=\"h-un-espacio-seguro-y-de-apoyo-para-su-ser-querido\">Un espacio seguro y de apoyo para su ser querido<\/h2>\n\n\n\n<p>La MJHS Memory Care Residence ofrece un ambiente seguro y enriquecedor donde su ser querido y su familia pueden sentirse a gusto. Cada detalle ha sido cuidadosamente dise\u00f1ado para satisfacer las necesidades \u00fanicas de quienes viven con demencia o deterioro cognitivo, lo que garantiza la facilidad de navegaci\u00f3n, brinda comodidad y fomenta el compromiso, al tiempo que crea un verdadero sentido de comunidad en un entorno seguro.<\/p>\n\n\n\n<p><strong><strong>Dise\u00f1ado para la comodidad y el bienestar de su ser querido<\/strong><\/strong><\/p>\n\n\n\n<ul class=\"wp-block-list\">\n<li><strong>Comidas comunes:<\/strong>\u00a0Su ser querido puede disfrutar de las comidas en un ambiente c\u00e1lido y acogedor que fomenta la interacci\u00f3n social y crea oportunidades para que las familias compartan momentos significativos juntos.<\/li>\n\n\n\n<li><strong>Habitaciones para ba\u00f1os terap\u00e9uticos:<\/strong>\u00a0La m\u00fasica relajante mejora la experiencia del ba\u00f1o, lo que ayuda a su ser querido a sentirse relajado y c\u00f3modo mientras reduce la agitaci\u00f3n.<\/li>\n\n\n\n<li><strong>Pasillos tem\u00e1ticos con obras de arte atractivas:<\/strong>\u00a0Las estrategias de dise\u00f1o comprobadas facilitan la navegaci\u00f3n para los residentes con p\u00e9rdida de memoria significativa, al mismo tiempo que estimulan la conversaci\u00f3n y despiertan recuerdos.<\/li>\n\n\n\n<li><strong>Se\u00f1alizaci\u00f3n a la altura de la vista:<\/strong>\u00a0La se\u00f1alizaci\u00f3n colocada estrat\u00e9gicamente respalda la capacidad de su ser querido para navegar por el espacio de forma independiente, lo que fomenta la confianza y la sensaci\u00f3n de autonom\u00eda al tiempo que garantiza su seguridad, lo que le brinda tranquilidad.<\/li>\n<\/ul>\n\n\n\n<p>En la MJHS Memory Care Residence, estamos comprometidos a proporcionar un entorno seguro, atractivo y compasivo donde su ser querido pueda sentirse seguro, apoyado y valorado.<\/p>\n\n\n\n<h3 class=\"wp-block-heading\" id=\"h-atencion-especializada-y-centrada-en-la-familia-para-su-ser-querido\">Atenci\u00f3n especializada y centrada en la familia para su ser querido<\/h3>\n\n\n\n<p>En la MJHS Memory Care Residence, adaptamos la atenci\u00f3n para satisfacer las necesidades \u00fanicas de su ser querido, teniendo en cuenta su grado de p\u00e9rdida de memoria, sus preferencias personales, sus rutinas diarias y su comodidad. Nuestro equipo de atenci\u00f3n compasiva est\u00e1 capacitado en protocolos avanzados de atenci\u00f3n de la demencia, lo que garantiza que su ser querido reciba una atenci\u00f3n experta, respetuosa y compasiva, mientras que usted recibe la gu\u00eda, el apoyo y la tranquilidad que necesita.<\/p>\n\n\n\n<p>Entendemos los desaf\u00edos que enfrenta al cuidar a un ser querido con demencia o deterioro cognitivo. Es por eso que adoptamos un enfoque centrado en la familia, creando oportunidades para que usted y su ser querido mantengan v\u00ednculos significativos y, en algunos casos, construyan otros nuevos.<\/p>\n\n\n<div class=\"fifty-fifty-columns mb-0\">\n  <div class=\"column column--right column--default\">\n    <div class=\"column__image\">\n      <img decoding=\"async\"\n                  class=\"image-aspect-ratio-1-1\"\n                src=\"https:\/\/mjhs.imgix.net\/2025\/02\/art-therapy-session.jpg?fm=pjpg\" alt=\"\"\n      >\n    <\/div>\n    <div class=\"column__content\">\n      <h3>Terapias enriquecedoras para la mente, el esp\u00edritu y la conexi\u00f3n<\/h3>      <p>Su ser querido se beneficiar\u00e1 de terapias no farmacol\u00f3gicas dise\u00f1adas para promover el bienestar, aliviar la ansiedad y crear experiencias compartidas alegres que fortalezcan las conexiones con la familia. Estas terapias ayudan a controlar s\u00edntomas como la agitaci\u00f3n, la depresi\u00f3n y la confusi\u00f3n, a la vez que brindan momentos de consuelo y alegr\u00eda.<\/p>\n<h4>Las terapias incluyen lo siguiente:<\/h4>\n<ul>\n<li><strong>Musicoterapia:<\/strong>\u00a0A trav\u00e9s de nuestro innovador\u00a0<strong>programa Keys to Dementia Care<\/strong>, las listas de reproducci\u00f3n personalizadas y los instrumentos musicales evocan recuerdos, fomentan las conexiones emocionales y, en algunos casos, ayudan a los residentes no verbales a recuperar sus voces.<\/li>\n<li><strong>Arteterapia:<\/strong>\u00a0Fomenta la creatividad y la autoexpresi\u00f3n, provocando momentos de alegr\u00eda y descubrimiento para su ser querido.<\/li>\n<li><strong>Terapia de danza y movimiento:<\/strong>\u00a0Apoya la salud f\u00edsica y el bienestar emocional, y a menudo se anima a la familia a participar.<\/li>\n<li><strong>Terapia con mascotas:<\/strong>\u00a0Los perros de terapia certificados y los gatos animatr\u00f3nicos brindan comodidad, alegr\u00eda y una influencia calmante que a menudo despierta recuerdos.<\/li>\n<li><strong>Dramaterapia:<\/strong>\u00a0Inspira la autoexpresi\u00f3n y la conexi\u00f3n a trav\u00e9s de la narraci\u00f3n de historias y el juego de roles, fomentando v\u00ednculos m\u00e1s profundos entre su ser querido y los miembros de la familia.<\/li>\n<\/ul>\n          <\/div>\n  <\/div>\n<\/div>\n\n\n\n\n<h3 class=\"wp-block-heading\" id=\"h-una-comunidad-compasiva-y-enriquecedora\">Una comunidad compasiva y enriquecedora<\/h3>\n\n\n\n<p>Como parte de nuestro centro sin fines de lucro, la MJHS Memory Care Residence se compromete a hacer todo lo posible por su ser querido y su familia. Nuestra comunidad de apoyo recibe a los residentes y sus familias con compasi\u00f3n, comprensi\u00f3n y respeto. Priorizamos la seguridad, promovemos un sentido de independencia y fomentamos un compromiso significativo, lo que garantiza que su ser querido disfrute de una calidad de vida satisfactoria y al mismo tiempo le brindamos tranquilidad.<\/p>\n\n\n\n<h3 class=\"wp-block-heading\" id=\"h-obtenga-mas-informacion-sobre-la-mjhs-memory-care-residence\">Obtenga m\u00e1s informaci\u00f3n sobre la MJHS\u00a0Memory\u00a0Care\u00a0Residence<\/h3>\n\n\n\n<p>Si est\u00e1 buscando atenci\u00f3n de la memoria para pacientes internados y expertos para su ser querido, la MJHS Memory Care Residence es una opci\u00f3n innovadora, solidaria y compasiva. Cont\u00e1ctenos hoy mismo para obtener m\u00e1s informaci\u00f3n sobre nuestros servicios personalizados de atenci\u00f3n de la demencia y c\u00f3mo podemos ayudarle a usted y a su ser querido.<\/p>\n\n\n\n<h2 class=\"wp-block-heading\" id=\"h-contact-us\">Contact Us<\/h2>\n\n\n\n<div class=\"wpcf7 no-js\" id=\"wpcf7-f633-o1\" lang=\"en-US\" dir=\"ltr\" data-wpcf7-id=\"633\">\n<div class=\"screen-reader-response\"><p role=\"status\" aria-live=\"polite\" aria-atomic=\"true\"><\/p> <ul><\/ul><\/div>\n<form action=\"\/es\/wp-json\/wp\/v2\/pages\/75639#wpcf7-f633-o1\" method=\"post\" class=\"wpcf7-form init\" aria-label=\"Contact form\" novalidate=\"novalidate\" data-status=\"init\">\n<fieldset class=\"hidden-fields-container\"><input type=\"hidden\" name=\"_wpcf7\" value=\"633\" \/><input type=\"hidden\" name=\"_wpcf7_version\" value=\"6.1.5\" \/><input type=\"hidden\" name=\"_wpcf7_locale\" value=\"en_US\" \/><input type=\"hidden\" name=\"_wpcf7_unit_tag\" value=\"wpcf7-f633-o1\" \/><input type=\"hidden\" name=\"_wpcf7_container_post\" value=\"0\" \/><input type=\"hidden\" name=\"_wpcf7_posted_data_hash\" value=\"\" \/>\n<\/fieldset>\n<p><label for=\"contact-your-name\">Your Name (required)<\/label><br\/><span class=\"wpcf7-form-control-wrap\" data-name=\"your-name\"><input size=\"40\" maxlength=\"400\" class=\"wpcf7-form-control wpcf7-text wpcf7-validates-as-required\" id=\"contact-your-name\" aria-required=\"true\" aria-invalid=\"false\" value=\"\" type=\"text\" name=\"your-name\" \/><\/span> <\/p>\n\n<p><label for=\"contact-your-phone\">Your Telephone Number<\/label><br\/><span class=\"wpcf7-form-control-wrap\" data-name=\"your-phone\"><input size=\"40\" maxlength=\"400\" class=\"wpcf7-form-control wpcf7-tel wpcf7-text wpcf7-validates-as-tel\" id=\"contact-your-phone\" aria-invalid=\"false\" value=\"\" type=\"tel\" name=\"your-phone\" \/><\/span> <\/p>\n\n<p><label for=\"contact-your-email\">Your Email Address (required)<\/label><br\/><span class=\"wpcf7-form-control-wrap\" data-name=\"your-email\"><input size=\"40\" maxlength=\"400\" class=\"wpcf7-form-control wpcf7-email wpcf7-validates-as-required wpcf7-text wpcf7-validates-as-email\" id=\"contact-your-email\" aria-required=\"true\" aria-invalid=\"false\" value=\"\" type=\"email\" name=\"your-email\" \/><\/span><\/p>\n\n<p><label for=\"contact-your-services\">What services are you interested in learning more about?<\/label><br \/><span class=\"wpcf7-form-control-wrap\" data-name=\"your-services\"><select class=\"wpcf7-form-control wpcf7-select\" id=\"contact-your-services\" aria-invalid=\"false\" name=\"your-services\"><option value=\"MJHS Home Care\">MJHS Home Care<\/option><option value=\"MJHS Hospice\">MJHS Hospice<\/option><option value=\"MJHS Palliative Care\">MJHS Palliative Care<\/option><option value=\"Menorah Center for Rehabilitation and Nursing Care\">Menorah Center for Rehabilitation and Nursing Care<\/option><option value=\"Elderplan\">Elderplan<\/option><option value=\"Isabella Center for Rehabilitation and Nursing Care\">Isabella Center for Rehabilitation and Nursing Care<\/option><option value=\"HomeFirst MLTCP\">HomeFirst MLTCP<\/option><option value=\"MJHS Institute for Innovation in Palliative Care\">MJHS Institute for Innovation in Palliative Care<\/option><option value=\"Making a Charitable Contribution\">Making a Charitable Contribution<\/option><option value=\"Other\">Other<\/option><\/select><\/span><\/p>\n\n<p><label for=\"contact-your-for\">Is this for you or a loved one?<\/label><br\/><span class=\"wpcf7-form-control-wrap\" data-name=\"your-for\"><span class=\"wpcf7-form-control wpcf7-radio\" id=\"contact-your-for\"><span class=\"wpcf7-list-item first\"><label><input type=\"radio\" name=\"your-for\" value=\"A loved one\" \/><span class=\"wpcf7-list-item-label\">A loved one<\/span><\/label><\/span><span class=\"wpcf7-list-item last\"><label><input type=\"radio\" name=\"your-for\" value=\"Myself\" \/><span class=\"wpcf7-list-item-label\">Myself<\/span><\/label><\/span><\/span><\/span><\/p>\n\n<p><label for=\"contact-your-message\">Please include any details that may help in assisting you.<\/label><br\/><span class=\"wpcf7-form-control-wrap\" data-name=\"your-message\"><textarea cols=\"40\" rows=\"10\" maxlength=\"2000\" class=\"wpcf7-form-control wpcf7-textarea\" id=\"contact-your-message\" aria-invalid=\"false\" name=\"your-message\"><\/textarea><\/span><\/p>\n\n<p><input class=\"wpcf7-form-control wpcf7-submit has-spinner\" type=\"submit\" value=\"Contact Us\" \/><\/p>\n\n<div class=\"screen-reader-response\">\n<div role=\"status\"><\/div>\n<\/div><div class=\"wpcf7-response-output\" aria-hidden=\"true\"><\/div>\n<\/form>\n<\/div>\n\n","protected":false},"excerpt":{"rendered":"<p>Un espacio seguro y de apoyo para su ser querido La MJHS Memory Care Residence ofrece un ambiente seguro y enriquecedor donde su ser querido y su familia pueden sentirse [&hellip;]<\/p>\n","protected":false},"author":20,"featured_media":77621,"parent":60932,"menu_order":0,"comment_status":"closed","ping_status":"closed","template":"page-sidebar.php","meta":{"_acf_changed":false,"footnotes":""},"categories":[],"class_list":["post-75639","page","type-page","status-publish","has-post-thumbnail","hentry"],"translation":{"provider":"WPGlobus","version":"3.0.2","language":"es","enabled_languages":["en","es"],"languages":{"en":{"title":true,"content":true,"excerpt":false},"es":{"title":true,"content":true,"excerpt":false}}},"acf":[],"yoast_head":"<title>La MJHS Memory Care Residence | MJHS Health System<\/title>\n<meta name=\"description\" content=\"MJHS Memory Care Residence ofrece un entorno seguro y hogare\u00f1o para las personas con demencia, proporcionando terapias personalizadas y apoyo para mejorar la calidad de vida.\" \/>\n<meta name=\"robots\" content=\"index, follow, max-snippet:-1, max-image-preview:large, max-video-preview:-1\" \/>\n<link rel=\"canonical\" href=\"https:\/\/www.mjhs.sandstormdev.net\/es\/about\/menorah-center-for-rehabilitation-and-nursing-care\/the-mjhs-memory-care-residence\/\" \/>\n<meta property=\"og:locale\" content=\"es_MX\" \/>\n<meta property=\"og:type\" content=\"article\" \/>\n<meta property=\"og:title\" content=\"La MJHS Memory Care Residence | MJHS Health System\" \/>\n<meta property=\"og:description\" content=\"MJHS Memory Care Residence ofrece un entorno seguro y hogare\u00f1o para las personas con demencia, proporcionando terapias personalizadas y apoyo para mejorar la calidad de vida.\" \/>\n<meta property=\"og:url\" content=\"https:\/\/www.mjhs.sandstormdev.net\/about\/menorah-center-for-rehabilitation-and-nursing-care\/the-mjhs-memory-care-residence\/\" \/>\n<meta property=\"og:site_name\" content=\"MJHS Health System\" \/>\n<meta property=\"article:publisher\" content=\"https:\/\/www.facebook.com\/MJHS01\/\" \/>\n<meta property=\"article:modified_time\" content=\"2025-09-08T19:02:29+00:00\" \/>\n<meta property=\"og:image\" content=\"https:\/\/mjhs.imgix.net\/2025\/03\/people-in-music-therapy-at-menorah-center-1.jpg?fm=pjpg\" \/>\n\t<meta property=\"og:image:width\" content=\"1400\" \/>\n\t<meta property=\"og:image:height\" content=\"934\" \/>\n\t<meta property=\"og:image:type\" content=\"image\/jpeg\" \/>\n<meta name=\"twitter:card\" content=\"summary_large_image\" \/>\n<meta name=\"twitter:site\" content=\"@MJHS01\" \/>\n<script type=\"application\/ld+json\" class=\"yoast-schema-graph\">{\"@context\":\"https:\\\/\\\/schema.org\",\"@graph\":[{\"@type\":\"WebPage\",\"@id\":\"https:\\\/\\\/www.mjhs.sandstormdev.net\\\/about\\\/menorah-center-for-rehabilitation-and-nursing-care\\\/the-mjhs-memory-care-residence\\\/\",\"url\":\"https:\\\/\\\/www.mjhs.sandstormdev.net\\\/about\\\/menorah-center-for-rehabilitation-and-nursing-care\\\/the-mjhs-memory-care-residence\\\/\",\"name\":\"La MJHS Memory Care Residence | MJHS Health System\",\"isPartOf\":{\"@id\":\"https:\\\/\\\/mjhs-org-lw.ddev.site\\\/#website\"},\"primaryImageOfPage\":{\"@id\":\"https:\\\/\\\/www.mjhs.sandstormdev.net\\\/about\\\/menorah-center-for-rehabilitation-and-nursing-care\\\/the-mjhs-memory-care-residence\\\/#primaryimage\"},\"image\":{\"@id\":\"https:\\\/\\\/www.mjhs.sandstormdev.net\\\/about\\\/menorah-center-for-rehabilitation-and-nursing-care\\\/the-mjhs-memory-care-residence\\\/#primaryimage\"},\"thumbnailUrl\":\"https:\\\/\\\/mjhs.imgix.net\\\/2025\\\/03\\\/people-in-music-therapy-at-menorah-center-1.jpg?fm=pjpg\",\"datePublished\":\"2025-02-11T17:59:37+00:00\",\"dateModified\":\"2025-09-08T19:02:29+00:00\",\"description\":\"MJHS Memory Care Residence ofrece un entorno seguro y hogare\u00f1o para las personas con demencia, proporcionando terapias personalizadas y apoyo para mejorar la calidad de vida.\",\"breadcrumb\":{\"@id\":\"https:\\\/\\\/www.mjhs.sandstormdev.net\\\/about\\\/menorah-center-for-rehabilitation-and-nursing-care\\\/the-mjhs-memory-care-residence\\\/#breadcrumb\"},\"inLanguage\":\"es-MX\",\"potentialAction\":[{\"@type\":\"ReadAction\",\"target\":[\"https:\\\/\\\/www.mjhs.sandstormdev.net\\\/about\\\/menorah-center-for-rehabilitation-and-nursing-care\\\/the-mjhs-memory-care-residence\\\/\"]}]},{\"@type\":\"ImageObject\",\"inLanguage\":\"es-MX\",\"@id\":\"https:\\\/\\\/www.mjhs.sandstormdev.net\\\/about\\\/menorah-center-for-rehabilitation-and-nursing-care\\\/the-mjhs-memory-care-residence\\\/#primaryimage\",\"url\":\"https:\\\/\\\/mjhs.imgix.net\\\/2025\\\/03\\\/people-in-music-therapy-at-menorah-center-1.jpg?fm=pjpg\",\"contentUrl\":\"https:\\\/\\\/mjhs.imgix.net\\\/2025\\\/03\\\/people-in-music-therapy-at-menorah-center-1.jpg?fm=pjpg\",\"width\":1400,\"height\":934,\"caption\":\"Group of older adults in wheelchairs enjoy a music therapy session, clapping and singing along as a man plays a keyboard.\"},{\"@type\":\"BreadcrumbList\",\"@id\":\"https:\\\/\\\/www.mjhs.sandstormdev.net\\\/about\\\/menorah-center-for-rehabilitation-and-nursing-care\\\/the-mjhs-memory-care-residence\\\/#breadcrumb\",\"itemListElement\":[{\"@type\":\"ListItem\",\"position\":1,\"name\":\"Home\",\"item\":\"https:\\\/\\\/mjhs-org-lw.ddev.site\\\/\"},{\"@type\":\"ListItem\",\"position\":2,\"name\":\"About MJHS\",\"item\":\"https:\\\/\\\/mjhs-org-lw.ddev.site\\\/about\\\/\"},{\"@type\":\"ListItem\",\"position\":3,\"name\":\"MJHS Menorah Center for Rehabilitation and Nursing Care\",\"item\":\"https:\\\/\\\/mjhs-org-lw.ddev.site\\\/about\\\/menorah-center-for-rehabilitation-and-nursing-care\\\/\"},{\"@type\":\"ListItem\",\"position\":4,\"name\":\"The MJHS Memory Care Residence\"}]},{\"@type\":\"WebSite\",\"@id\":\"https:\\\/\\\/mjhs-org-lw.ddev.site\\\/#website\",\"url\":\"https:\\\/\\\/mjhs-org-lw.ddev.site\\\/\",\"name\":\"MJHS Health System\",\"description\":\"Abriendo el Camino Hacia un Cuidado de Excelencia\",\"publisher\":{\"@id\":\"https:\\\/\\\/mjhs-org-lw.ddev.site\\\/#organization\"},\"potentialAction\":[{\"@type\":\"SearchAction\",\"target\":{\"@type\":\"EntryPoint\",\"urlTemplate\":\"https:\\\/\\\/mjhs-org-lw.ddev.site\\\/?s={search_term_string}\"},\"query-input\":{\"@type\":\"PropertyValueSpecification\",\"valueRequired\":true,\"valueName\":\"search_term_string\"}}],\"inLanguage\":\"es-MX\"},{\"@type\":\"Organization\",\"@id\":\"https:\\\/\\\/mjhs-org-lw.ddev.site\\\/#organization\",\"name\":\"MJHS Health System\",\"url\":\"https:\\\/\\\/mjhs-org-lw.ddev.site\\\/\",\"logo\":{\"@type\":\"ImageObject\",\"inLanguage\":\"es-MX\",\"@id\":\"https:\\\/\\\/mjhs-org-lw.ddev.site\\\/#\\\/schema\\\/logo\\\/image\\\/\",\"url\":\"\\\/wp-content\\\/uploads\\\/2019\\\/07\\\/mjhs_logo_for_SEO.png\",\"contentUrl\":\"\\\/wp-content\\\/uploads\\\/2019\\\/07\\\/mjhs_logo_for_SEO.png\",\"width\":700,\"height\":296,\"caption\":\"MJHS Health System\"},\"image\":{\"@id\":\"https:\\\/\\\/mjhs-org-lw.ddev.site\\\/#\\\/schema\\\/logo\\\/image\\\/\"},\"sameAs\":[\"https:\\\/\\\/www.facebook.com\\\/MJHS01\\\/\",\"https:\\\/\\\/x.com\\\/MJHS01\"]}]}<\/script>","yoast_head_json":{"title":"La MJHS Memory Care Residence | MJHS Health System","description":"MJHS Memory Care Residence ofrece un entorno seguro y hogare\u00f1o para las personas con demencia, proporcionando terapias personalizadas y apoyo para mejorar la calidad de vida.","robots":{"index":"index","follow":"follow","max-snippet":"max-snippet:-1","max-image-preview":"max-image-preview:large","max-video-preview":"max-video-preview:-1"},"canonical":"https:\/\/www.mjhs.sandstormdev.net\/es\/about\/menorah-center-for-rehabilitation-and-nursing-care\/the-mjhs-memory-care-residence\/","og_locale":"es_MX","og_type":"article","og_title":"La MJHS Memory Care Residence | MJHS Health System","og_description":"MJHS Memory Care Residence ofrece un entorno seguro y hogare\u00f1o para las personas con demencia, proporcionando terapias personalizadas y apoyo para mejorar la calidad de vida.","og_url":"https:\/\/www.mjhs.sandstormdev.net\/about\/menorah-center-for-rehabilitation-and-nursing-care\/the-mjhs-memory-care-residence\/","og_site_name":"MJHS Health System","article_publisher":"https:\/\/www.facebook.com\/MJHS01\/","article_modified_time":"2025-09-08T19:02:29+00:00","og_image":[{"width":1400,"height":934,"url":"https:\/\/mjhs.imgix.net\/2025\/03\/people-in-music-therapy-at-menorah-center-1.jpg?fm=pjpg","type":"image\/jpeg"}],"twitter_card":"summary_large_image","twitter_site":"@MJHS01","schema":{"@context":"https:\/\/schema.org","@graph":[{"@type":"WebPage","@id":"https:\/\/www.mjhs.sandstormdev.net\/about\/menorah-center-for-rehabilitation-and-nursing-care\/the-mjhs-memory-care-residence\/","url":"https:\/\/www.mjhs.sandstormdev.net\/about\/menorah-center-for-rehabilitation-and-nursing-care\/the-mjhs-memory-care-residence\/","name":"La MJHS Memory Care Residence | MJHS Health System","isPartOf":{"@id":"https:\/\/mjhs-org-lw.ddev.site\/#website"},"primaryImageOfPage":{"@id":"https:\/\/www.mjhs.sandstormdev.net\/about\/menorah-center-for-rehabilitation-and-nursing-care\/the-mjhs-memory-care-residence\/#primaryimage"},"image":{"@id":"https:\/\/www.mjhs.sandstormdev.net\/about\/menorah-center-for-rehabilitation-and-nursing-care\/the-mjhs-memory-care-residence\/#primaryimage"},"thumbnailUrl":"https:\/\/mjhs.imgix.net\/2025\/03\/people-in-music-therapy-at-menorah-center-1.jpg?fm=pjpg","datePublished":"2025-02-11T17:59:37+00:00","dateModified":"2025-09-08T19:02:29+00:00","description":"MJHS Memory Care Residence ofrece un entorno seguro y hogare\u00f1o para las personas con demencia, proporcionando terapias personalizadas y apoyo para mejorar la calidad de vida.","breadcrumb":{"@id":"https:\/\/www.mjhs.sandstormdev.net\/about\/menorah-center-for-rehabilitation-and-nursing-care\/the-mjhs-memory-care-residence\/#breadcrumb"},"inLanguage":"es-MX","potentialAction":[{"@type":"ReadAction","target":["https:\/\/www.mjhs.sandstormdev.net\/about\/menorah-center-for-rehabilitation-and-nursing-care\/the-mjhs-memory-care-residence\/"]}]},{"@type":"ImageObject","inLanguage":"es-MX","@id":"https:\/\/www.mjhs.sandstormdev.net\/about\/menorah-center-for-rehabilitation-and-nursing-care\/the-mjhs-memory-care-residence\/#primaryimage","url":"https:\/\/mjhs.imgix.net\/2025\/03\/people-in-music-therapy-at-menorah-center-1.jpg?fm=pjpg","contentUrl":"https:\/\/mjhs.imgix.net\/2025\/03\/people-in-music-therapy-at-menorah-center-1.jpg?fm=pjpg","width":1400,"height":934,"caption":"Group of older adults in wheelchairs enjoy a music therapy session, clapping and singing along as a man plays a keyboard."},{"@type":"BreadcrumbList","@id":"https:\/\/www.mjhs.sandstormdev.net\/about\/menorah-center-for-rehabilitation-and-nursing-care\/the-mjhs-memory-care-residence\/#breadcrumb","itemListElement":[{"@type":"ListItem","position":1,"name":"Home","item":"https:\/\/mjhs-org-lw.ddev.site\/"},{"@type":"ListItem","position":2,"name":"About MJHS","item":"https:\/\/mjhs-org-lw.ddev.site\/about\/"},{"@type":"ListItem","position":3,"name":"MJHS Menorah Center for Rehabilitation and Nursing Care","item":"https:\/\/mjhs-org-lw.ddev.site\/about\/menorah-center-for-rehabilitation-and-nursing-care\/"},{"@type":"ListItem","position":4,"name":"The MJHS Memory Care Residence"}]},{"@type":"WebSite","@id":"https:\/\/mjhs-org-lw.ddev.site\/#website","url":"https:\/\/mjhs-org-lw.ddev.site\/","name":"MJHS Health System","description":"Abriendo el Camino Hacia un Cuidado de Excelencia","publisher":{"@id":"https:\/\/mjhs-org-lw.ddev.site\/#organization"},"potentialAction":[{"@type":"SearchAction","target":{"@type":"EntryPoint","urlTemplate":"https:\/\/mjhs-org-lw.ddev.site\/?s={search_term_string}"},"query-input":{"@type":"PropertyValueSpecification","valueRequired":true,"valueName":"search_term_string"}}],"inLanguage":"es-MX"},{"@type":"Organization","@id":"https:\/\/mjhs-org-lw.ddev.site\/#organization","name":"MJHS Health System","url":"https:\/\/mjhs-org-lw.ddev.site\/","logo":{"@type":"ImageObject","inLanguage":"es-MX","@id":"https:\/\/mjhs-org-lw.ddev.site\/#\/schema\/logo\/image\/","url":"\/wp-content\/uploads\/2019\/07\/mjhs_logo_for_SEO.png","contentUrl":"\/wp-content\/uploads\/2019\/07\/mjhs_logo_for_SEO.png","width":700,"height":296,"caption":"MJHS Health System"},"image":{"@id":"https:\/\/mjhs-org-lw.ddev.site\/#\/schema\/logo\/image\/"},"sameAs":["https:\/\/www.facebook.com\/MJHS01\/","https:\/\/x.com\/MJHS01"]}]}},"jetpack_sharing_enabled":true,"_links":{"self":[{"href":"https:\/\/www.mjhs.sandstormdev.net\/es\/wp-json\/wp\/v2\/pages\/75639","targetHints":{"allow":["GET"]}}],"collection":[{"href":"https:\/\/www.mjhs.sandstormdev.net\/es\/wp-json\/wp\/v2\/pages"}],"about":[{"href":"https:\/\/www.mjhs.sandstormdev.net\/es\/wp-json\/wp\/v2\/types\/page"}],"author":[{"embeddable":true,"href":"https:\/\/www.mjhs.sandstormdev.net\/es\/wp-json\/wp\/v2\/users\/20"}],"replies":[{"embeddable":true,"href":"https:\/\/www.mjhs.sandstormdev.net\/es\/wp-json\/wp\/v2\/comments?post=75639"}],"version-history":[{"count":0,"href":"https:\/\/www.mjhs.sandstormdev.net\/es\/wp-json\/wp\/v2\/pages\/75639\/revisions"}],"up":[{"embeddable":true,"href":"https:\/\/www.mjhs.sandstormdev.net\/es\/wp-json\/wp\/v2\/pages\/60932"}],"wp:featuredmedia":[{"embeddable":true,"href":"https:\/\/www.mjhs.sandstormdev.net\/es\/wp-json\/wp\/v2\/media\/77621"}],"wp:attachment":[{"href":"https:\/\/www.mjhs.sandstormdev.net\/es\/wp-json\/wp\/v2\/media?parent=75639"}],"wp:term":[{"taxonomy":"category","embeddable":true,"href":"https:\/\/www.mjhs.sandstormdev.net\/es\/wp-json\/wp\/v2\/categories?post=75639"}],"curies":[{"name":"wp","href":"https:\/\/api.w.org\/{rel}","templated":true}]}}